
























{"id":31210,"date":"2024-05-07T07:43:04","date_gmt":"2024-05-07T05:43:04","guid":{"rendered":"https:\/\/women4biodiversity.org\/politica-de-privacidad\/"},"modified":"2025-01-07T18:12:33","modified_gmt":"2025-01-07T17:12:33","slug":"politica-de-privacidad","status":"publish","type":"page","link":"https:\/\/women4biodiversity.org\/es\/politica-de-privacidad\/","title":{"rendered":"Pol\u00edtica de privacidad"},"content":{"rendered":"[vc_row type=\u00bbfull_width_background\u00bb full_screen_row_position=\u00bbmiddle\u00bb column_margin=\u00bbdefault\u00bb column_direction=\u00bbdefault\u00bb column_direction_tablet=\u00bbdefault\u00bb column_direction_phone=\u00bbdefault\u00bb bg_color=\u00bbrgba(237,196,49,0.2)\u00bb scene_position=\u00bbcenter\u00bb top_padding=\u00bb60&#8243; bottom_padding=\u00bb90&#8243; bottom_padding_tablet=\u00bb0&#8243; text_color=\u00bbdark\u00bb text_align=\u00bbleft\u00bb row_border_radius=\u00bbnone\u00bb row_border_radius_applies=\u00bbbg\u00bb overflow=\u00bbvisible\u00bb overlay_strength=\u00bb0.3&#8243; gradient_direction=\u00bbleft_to_right\u00bb shape_divider_position=\u00bbbottom\u00bb bg_image_animation=\u00bbnone\u00bb gradient_type=\u00bbdefault\u00bb shape_type=\u00bb\u00bb][vc_column column_padding=\u00bbno-extra-padding\u00bb column_padding_tablet=\u00bbinherit\u00bb column_padding_phone=\u00bbinherit\u00bb column_padding_position=\u00bball\u00bb column_element_direction_desktop=\u00bbdefault\u00bb column_element_spacing=\u00bbdefault\u00bb desktop_text_alignment=\u00bbdefault\u00bb tablet_text_alignment=\u00bbdefault\u00bb phone_text_alignment=\u00bbdefault\u00bb background_color_opacity=\u00bb1&#8243; background_hover_color_opacity=\u00bb1&#8243; column_backdrop_filter=\u00bbnone\u00bb column_shadow=\u00bbnone\u00bb column_border_radius=\u00bbnone\u00bb column_link_target=\u00bb_self\u00bb column_position=\u00bbdefault\u00bb gradient_direction=\u00bbleft_to_right\u00bb overlay_strength=\u00bb0.3&#8243; width=\u00bb1\/1&#8243; tablet_width_inherit=\u00bbdefault\u00bb animation_type=\u00bbdefault\u00bb bg_image_animation=\u00bbnone\u00bb border_type=\u00bbsimple\u00bb column_border_width=\u00bbnone\u00bb column_border_style=\u00bbsolid\u00bb][vc_column_text css=\u00bb\u00bb text_direction=\u00bbdefault\u00bb]\n<h1 style=\"text-align: left;\">Pol\u00edtica de privacidad<\/h1>\n[\/vc_column_text][vc_row_inner column_margin=\u00bbdefault\u00bb column_direction=\u00bbdefault\u00bb column_direction_tablet=\u00bbdefault\u00bb column_direction_phone=\u00bbdefault\u00bb top_padding=\u00bb60px\u00bb constrain_group_1=\u00bbyes\u00bb bottom_padding=\u00bb60px\u00bb top_padding_phone=\u00bb30px\u00bb constrain_group_5=\u00bbyes\u00bb bottom_padding_phone=\u00bb30px\u00bb text_align=\u00bbleft\u00bb row_position=\u00bbdefault\u00bb row_position_tablet=\u00bbinherit\u00bb row_position_phone=\u00bbinherit\u00bb overflow=\u00bbvisible\u00bb pointer_events=\u00bball\u00bb][vc_column_inner column_padding=\u00bbno-extra-padding\u00bb column_padding_tablet=\u00bbinherit\u00bb column_padding_phone=\u00bbinherit\u00bb column_padding_position=\u00bball\u00bb column_element_direction_desktop=\u00bbdefault\u00bb column_element_spacing=\u00bbdefault\u00bb desktop_text_alignment=\u00bbdefault\u00bb tablet_text_alignment=\u00bbdefault\u00bb phone_text_alignment=\u00bbdefault\u00bb background_color_opacity=\u00bb1&#8243; background_hover_color_opacity=\u00bb1&#8243; column_backdrop_filter=\u00bbnone\u00bb column_shadow=\u00bbnone\u00bb column_border_radius=\u00bbnone\u00bb column_link_target=\u00bb_self\u00bb overflow=\u00bbvisible\u00bb gradient_direction=\u00bbleft_to_right\u00bb overlay_strength=\u00bb0.3&#8243; width=\u00bb1\/2&#8243; tablet_width_inherit=\u00bbdefault\u00bb animation_type=\u00bbdefault\u00bb bg_image_animation=\u00bbnone\u00bb border_type=\u00bbsimple\u00bb column_border_width=\u00bbnone\u00bb column_border_style=\u00bbsolid\u00bb][vc_column_text css=\u00bb\u00bb text_direction=\u00bbdefault\u00bb]Women4Biodiversity (\u00abnosotros\u00bb, \u00abnuestro\u00bb o \u00abnos\u00bb) se compromete a proteger su privacidad. Esta Pol\u00edtica de Privacidad describe los tipos de informaci\u00f3n que recopilamos, c\u00f3mo la utilizamos, c\u00f3mo la compartimos y sus derechos y opciones con respecto a su informaci\u00f3n cuando utiliza nuestro sitio web, https:\/\/www.women4biodiversity.org (\u00abSitio\u00bb). <\/p>\n<p>&nbsp;<\/p>\n<h4>1. Informaci\u00f3n que recogemos<\/h4>\n<p>Recogemos varios tipos de informaci\u00f3n para proporcionar y mejorar nuestros servicios:<\/p>\n<ul>\n<li>Informaci\u00f3n personal: Cuando se suscribe a nuestro bolet\u00edn de noticias, se pone en contacto con nosotros o participa en nuestros programas, podemos recopilar su nombre, direcci\u00f3n de correo electr\u00f3nico, organizaci\u00f3n y cualquier otra informaci\u00f3n que decida proporcionarnos.<\/li>\n<li>Datos de uso: Recopilamos informaci\u00f3n sobre c\u00f3mo accede y utiliza el Sitio, como su direcci\u00f3n IP, tipo de navegador, sistema operativo y p\u00e1ginas que visita en nuestro Sitio. Esto nos ayuda a mejorar la experiencia del usuario y la seguridad del Sitio. <\/li>\n<li>Cookies y tecnolog\u00edas de seguimiento: Utilizamos cookies y tecnolog\u00edas similares para mejorar la funcionalidad de nuestro Sitio, recopilar datos de uso y personalizar el contenido. Puede ajustar sus preferencias de cookies en la configuraci\u00f3n de su navegador. <\/li>\n<\/ul>\n<div class=\"wpb_text_column wpb_content_element \">\n<div class=\"wpb_wrapper\">\n<p>&nbsp;<\/p>\n<\/div>\n<\/div>\n<div class=\"wpb_text_column wpb_content_element vc_custom_1641467438127\">\n<div class=\"wpb_wrapper\">\n<h4>2. C\u00f3mo utilizamos su informaci\u00f3n<\/h4>\n<p>Utilizamos la informaci\u00f3n que recogemos para los siguientes fines:<\/p>\n<ul>\n<li>Para proporcionar, mantener y mejorar nuestro Sitio y nuestros servicios;<\/li>\n<li>Para comunicarnos con usted, responder a sus preguntas y proporcionarle la informaci\u00f3n que solicite;<\/li>\n<li>Para enviarle boletines, actualizaciones y material promocional (puede darse de baja en cualquier momento);<\/li>\n<li>Supervisar y analizar el uso y las tendencias para mejorar el Sitio;<\/li>\n<li>Para hacer cumplir nuestros t\u00e9rminos y pol\u00edticas y garantizar la seguridad del Sitio.<\/li>\n<\/ul>\n<div class=\"wpb_text_column wpb_content_element vc_custom_1644847872336\">\n<div class=\"wpb_wrapper\">\n<p>&nbsp;<\/p>\n<\/div>\n<\/div>\n<div class=\"wpb_text_column wpb_content_element \">\n<div class=\"wpb_wrapper\">\n<h4><\/h4>\n<\/div>\n<\/div>\n<\/div>\n<\/div>\n<div class=\"wpb_text_column wpb_content_element vc_custom_1644847618153\">\n<div class=\"wpb_wrapper\">\n<h4>3. C\u00f3mo compartimos su informaci\u00f3n<\/h4>\n<p>No vendemos ni alquilamos su informaci\u00f3n personal a terceros. Sin embargo, podemos compartir su informaci\u00f3n con <\/p>\n<ul>\n<li>Proveedores de servicios: Podemos compartir informaci\u00f3n con terceros vendedores y proveedores de servicios que nos ayudan a operar el Sitio o prestan servicios en nuestro nombre, como la distribuci\u00f3n de correo electr\u00f3nico o servicios de alojamiento.<\/li>\n<li>Cumplimiento y protecci\u00f3n legal: Podemos revelar informaci\u00f3n para cumplir con las leyes, reglamentos o procesos legales aplicables, y para proteger los derechos, la seguridad o la propiedad de Women4Biodiversity, nuestros usuarios u otros.<\/li>\n<\/ul>\n<\/div>\n<\/div>\n<div class=\"wpb_text_column wpb_content_element vc_custom_1644847780948\">\n<div class=\"wpb_wrapper\">\n<div class=\"wpb_text_column wpb_content_element vc_custom_1641467438127\">\n<div class=\"wpb_text_column wpb_content_element vc_custom_1644847872336\">\n<div class=\"wpb_wrapper\">\n<p>&nbsp;<\/p>\n<\/div>\n<\/div>\n<div class=\"wpb_text_column wpb_content_element \">\n<div class=\"wpb_wrapper\">\n<h4><\/h4>\n<\/div>\n<\/div>\n<\/div>\n<h4>4. Sus derechos y opciones<\/h4>\n<p>Dependiendo de su ubicaci\u00f3n, usted puede tener derechos con respecto a su informaci\u00f3n personal, incluyendo:<\/p>\n<ul>\n<li>Acceso y rectificaci\u00f3n: Puede solicitar el acceso o la correcci\u00f3n de la informaci\u00f3n personal que tenemos sobre usted.<\/li>\n<li>Supresi\u00f3n: Puede solicitar que eliminemos su informaci\u00f3n personal, sujeto a las obligaciones legales.<\/li>\n<li>Baja voluntaria: Puede darse de baja de nuestras comunicaciones de marketing en cualquier momento siguiendo las instrucciones de nuestros correos electr\u00f3nicos o poni\u00e9ndose en contacto con nosotros.<\/li>\n<\/ul>\n<\/div>\n<\/div>\n<div class=\"wpb_text_column wpb_content_element \">\n<div class=\"wpb_wrapper\">\n<p>&nbsp;<\/p>\n<h4>5. Seguridad<\/h4>\n<p>Aplicamos medidas razonables para proteger su informaci\u00f3n contra el acceso no autorizado, la alteraci\u00f3n o la destrucci\u00f3n. Sin embargo, ninguna medida de seguridad es perfecta y no podemos garantizar una seguridad absoluta. <\/p>\n<p>&nbsp;<\/p>\n<\/div>\n<\/div>\n<div class=\"wpb_text_column wpb_content_element vc_custom_1644847808199\">\n<div class=\"wpb_wrapper\">\n<h4>6. Enlaces de terceros<\/h4>\n<p>Nuestro Sitio puede contener enlaces a sitios web de terceros. No somos responsables de las pr\u00e1cticas de privacidad ni del contenido de estos sitios. Por favor, revise sus pol\u00edticas de privacidad antes de proporcionar cualquier informaci\u00f3n personal.  <\/p>\n<p>&nbsp;<\/p>\n<\/div>\n<\/div>\n<div class=\"wpb_text_column wpb_content_element vc_custom_1641467553162\">\n<div class=\"wpb_wrapper\">\n<h4>7. Privacidad de los ni\u00f1os<\/h4>\n<p>Nuestro Sitio no est\u00e1 destinado a ni\u00f1os menores de 13 a\u00f1os. No recopilamos conscientemente informaci\u00f3n personal de ni\u00f1os menores de 13 a\u00f1os. Si nos enteramos de que hemos recopilado informaci\u00f3n de un ni\u00f1o menor de 13 a\u00f1os, tomaremos medidas para eliminarla inmediatamente.  <\/p>\n<p>&nbsp;<\/p>\n<\/div>\n<\/div>\n<div class=\"wpb_text_column wpb_content_element vc_custom_1644847872336\">\n<div class=\"wpb_wrapper\">\n<h4>8. Cambios en esta Pol\u00edtica de Privacidad<\/h4>\n<p>Podemos actualizar esta Pol\u00edtica de Privacidad de vez en cuando. Le notificaremos los cambios significativos publicando la pol\u00edtica actualizada en nuestro Sitio, y le animamos a que la revise peri\u00f3dicamente. <\/p>\n<p>&nbsp;<\/p>\n<\/div>\n<\/div>\n<div class=\"wpb_text_column wpb_content_element \">\n<div class=\"wpb_wrapper\">\n<h4>9. P\u00f3ngase en contacto con nosotros<\/h4>\n<p>Si tiene alguna pregunta o duda sobre esta Pol\u00edtica de Privacidad, p\u00f3ngase en contacto con nosotros en Women4Biodiversity<br \/>\nBan Wang Tan<br \/>\nSan Phak Wan<br \/>\nHang Dong, North 50230<br \/>\nThailand<\/p>\n<p><a href=\"mailto:info@women4biodiversity.org\">info@women4biodiversity.org<\/a><\/p>\n<\/div>\n<\/div>\n[\/vc_column_text][\/vc_column_inner][vc_column_inner column_padding=\u00bbno-extra-padding\u00bb column_padding_tablet=\u00bbinherit\u00bb column_padding_phone=\u00bbinherit\u00bb column_padding_position=\u00bball\u00bb column_element_direction_desktop=\u00bbdefault\u00bb column_element_spacing=\u00bbdefault\u00bb desktop_text_alignment=\u00bbdefault\u00bb tablet_text_alignment=\u00bbdefault\u00bb phone_text_alignment=\u00bbdefault\u00bb background_color_opacity=\u00bb1&#8243; background_hover_color_opacity=\u00bb1&#8243; column_backdrop_filter=\u00bbnone\u00bb column_shadow=\u00bbnone\u00bb column_border_radius=\u00bbnone\u00bb column_link_target=\u00bb_self\u00bb overflow=\u00bbvisible\u00bb gradient_direction=\u00bbleft_to_right\u00bb overlay_strength=\u00bb0.3&#8243; width=\u00bb1\/2&#8243; tablet_width_inherit=\u00bbdefault\u00bb animation_type=\u00bbdefault\u00bb bg_image_animation=\u00bbnone\u00bb border_type=\u00bbsimple\u00bb column_border_width=\u00bbnone\u00bb column_border_style=\u00bbsolid\u00bb][\/vc_column_inner][\/vc_row_inner][\/vc_column][\/vc_row]\n","protected":false},"excerpt":{"rendered":"<p>[vc_row type=\u00bbfull_width_background\u00bb full_screen_row_position=\u00bbmiddle\u00bb column_margin=\u00bbdefault\u00bb column_direction=\u00bbdefault\u00bb column_direction_tablet=\u00bbdefault\u00bb column_direction_phone=\u00bbdefault\u00bb bg_color=\u00bbrgba(237,196,49,0.2)\u00bb scene_position=\u00bbcenter\u00bb top_padding=\u00bb60&#8243; bottom_padding=\u00bb90&#8243; bottom_padding_tablet=\u00bb0&#8243; text_color=\u00bbdark\u00bb text_align=\u00bbleft\u00bb row_border_radius=\u00bbnone\u00bb row_border_radius_applies=\u00bbbg\u00bb overflow=\u00bbvisible\u00bb overlay_strength=\u00bb0.3&#8243; gradient_direction=\u00bbleft_to_right\u00bb shape_divider_position=\u00bbbottom\u00bb bg_image_animation=\u00bbnone\u00bb gradient_type=\u00bbdefault\u00bb shape_type=\u00bb\u00bb][vc_column column_padding=\u00bbno-extra-padding\u00bb column_padding_tablet=\u00bbinherit\u00bb column_padding_phone=\u00bbinherit\u00bb column_padding_position=\u00bball\u00bb column_element_direction_desktop=\u00bbdefault\u00bb column_element_spacing=\u00bbdefault\u00bb desktop_text_alignment=\u00bbdefault\u00bb&#8230;<\/p>\n","protected":false},"author":1,"featured_media":0,"parent":0,"menu_order":0,"comment_status":"closed","ping_status":"open","template":"","meta":{"inline_featured_image":false,"ngg_post_thumbnail":0,"footnotes":""},"class_list":["post-31210","page","type-page","status-publish"],"yoast_head":"<!-- This site is optimized with the Yoast SEO plugin v25.4 - https:\/\/yoast.com\/wordpress\/plugins\/seo\/ -->\n<title>Pol\u00edtica de privacidad - Women4Biodiversity<\/title>\n<meta name=\"robots\" content=\"index, follow, max-snippet:-1, max-image-preview:large, max-video-preview:-1\" \/>\n<link rel=\"canonical\" href=\"https:\/\/women4biodiversity.org\/es\/politica-de-privacidad\/\" \/>\n<meta property=\"og:locale\" content=\"es_ES\" \/>\n<meta property=\"og:type\" content=\"article\" \/>\n<meta property=\"og:title\" content=\"Pol\u00edtica de privacidad - Women4Biodiversity\" \/>\n<meta property=\"og:description\" content=\"[vc_row type=\u00bbfull_width_background\u00bb full_screen_row_position=\u00bbmiddle\u00bb column_margin=\u00bbdefault\u00bb column_direction=\u00bbdefault\u00bb column_direction_tablet=\u00bbdefault\u00bb column_direction_phone=\u00bbdefault\u00bb bg_color=\u00bbrgba(237,196,49,0.2)\u00bb scene_position=\u00bbcenter\u00bb top_padding=\u00bb60&#8243; bottom_padding=\u00bb90&#8243; bottom_padding_tablet=\u00bb0&#8243; text_color=\u00bbdark\u00bb text_align=\u00bbleft\u00bb row_border_radius=\u00bbnone\u00bb row_border_radius_applies=\u00bbbg\u00bb overflow=\u00bbvisible\u00bb overlay_strength=\u00bb0.3&#8243; gradient_direction=\u00bbleft_to_right\u00bb shape_divider_position=\u00bbbottom\u00bb bg_image_animation=\u00bbnone\u00bb gradient_type=\u00bbdefault\u00bb shape_type=\u00bb\u00bb][vc_column column_padding=\u00bbno-extra-padding\u00bb column_padding_tablet=\u00bbinherit\u00bb column_padding_phone=\u00bbinherit\u00bb column_padding_position=\u00bball\u00bb column_element_direction_desktop=\u00bbdefault\u00bb column_element_spacing=\u00bbdefault\u00bb desktop_text_alignment=\u00bbdefault\u00bb...\" \/>\n<meta property=\"og:url\" content=\"https:\/\/women4biodiversity.org\/es\/politica-de-privacidad\/\" \/>\n<meta property=\"og:site_name\" content=\"Women4Biodiversity\" \/>\n<meta property=\"article:publisher\" content=\"https:\/\/www.facebook.com\/Women4Biodiversity\/\" \/>\n<meta property=\"article:modified_time\" content=\"2025-01-07T17:12:33+00:00\" \/>\n<meta name=\"twitter:card\" content=\"summary_large_image\" \/>\n<meta name=\"twitter:site\" content=\"@Women4Biodiv\" \/>\n<meta name=\"twitter:label1\" content=\"Tiempo de lectura\" \/>\n\t<meta name=\"twitter:data1\" content=\"6 minutos\" \/>\n<script type=\"application\/ld+json\" class=\"yoast-schema-graph\">{\"@context\":\"https:\/\/schema.org\",\"@graph\":[{\"@type\":\"WebPage\",\"@id\":\"https:\/\/women4biodiversity.org\/es\/politica-de-privacidad\/\",\"url\":\"https:\/\/women4biodiversity.org\/es\/politica-de-privacidad\/\",\"name\":\"Pol\u00edtica de privacidad - Women4Biodiversity\",\"isPartOf\":{\"@id\":\"https:\/\/women4biodiversity.org\/es\/#website\"},\"datePublished\":\"2024-05-07T05:43:04+00:00\",\"dateModified\":\"2025-01-07T17:12:33+00:00\",\"breadcrumb\":{\"@id\":\"https:\/\/women4biodiversity.org\/es\/politica-de-privacidad\/#breadcrumb\"},\"inLanguage\":\"es\",\"potentialAction\":[{\"@type\":\"ReadAction\",\"target\":[\"https:\/\/women4biodiversity.org\/es\/politica-de-privacidad\/\"]}]},{\"@type\":\"BreadcrumbList\",\"@id\":\"https:\/\/women4biodiversity.org\/es\/politica-de-privacidad\/#breadcrumb\",\"itemListElement\":[{\"@type\":\"ListItem\",\"position\":1,\"name\":\"Home\",\"item\":\"https:\/\/women4biodiversity.org\/es\/landing\/\"},{\"@type\":\"ListItem\",\"position\":2,\"name\":\"Pol\u00edtica de privacidad\"}]},{\"@type\":\"WebSite\",\"@id\":\"https:\/\/women4biodiversity.org\/es\/#website\",\"url\":\"https:\/\/women4biodiversity.org\/es\/\",\"name\":\"Women4Biodiversity\",\"description\":\"\",\"publisher\":{\"@id\":\"https:\/\/women4biodiversity.org\/es\/#organization\"},\"potentialAction\":[{\"@type\":\"SearchAction\",\"target\":{\"@type\":\"EntryPoint\",\"urlTemplate\":\"https:\/\/women4biodiversity.org\/es\/?s={search_term_string}\"},\"query-input\":{\"@type\":\"PropertyValueSpecification\",\"valueRequired\":true,\"valueName\":\"search_term_string\"}}],\"inLanguage\":\"es\"},{\"@type\":\"Organization\",\"@id\":\"https:\/\/women4biodiversity.org\/es\/#organization\",\"name\":\"Women4Biodiversity\",\"url\":\"https:\/\/women4biodiversity.org\/es\/\",\"logo\":{\"@type\":\"ImageObject\",\"inLanguage\":\"es\",\"@id\":\"https:\/\/women4biodiversity.org\/es\/#\/schema\/logo\/image\/\",\"url\":\"https:\/\/women4biodiversity.org\/wp-content\/uploads\/2024\/08\/W4B_LongLogo_2024-Amended-OH.svg\",\"contentUrl\":\"https:\/\/women4biodiversity.org\/wp-content\/uploads\/2024\/08\/W4B_LongLogo_2024-Amended-OH.svg\",\"width\":\"1024\",\"height\":\"1024\",\"caption\":\"Women4Biodiversity\"},\"image\":{\"@id\":\"https:\/\/women4biodiversity.org\/es\/#\/schema\/logo\/image\/\"},\"sameAs\":[\"https:\/\/www.facebook.com\/Women4Biodiversity\/\",\"https:\/\/x.com\/Women4Biodiv\",\"https:\/\/www.instagram.com\/women4biodiv\/\"]}]}<\/script>\n<!-- \/ Yoast SEO plugin. -->","yoast_head_json":{"title":"Pol\u00edtica de privacidad - Women4Biodiversity","robots":{"index":"index","follow":"follow","max-snippet":"max-snippet:-1","max-image-preview":"max-image-preview:large","max-video-preview":"max-video-preview:-1"},"canonical":"https:\/\/women4biodiversity.org\/es\/politica-de-privacidad\/","og_locale":"es_ES","og_type":"article","og_title":"Pol\u00edtica de privacidad - Women4Biodiversity","og_description":"[vc_row type=\u00bbfull_width_background\u00bb full_screen_row_position=\u00bbmiddle\u00bb column_margin=\u00bbdefault\u00bb column_direction=\u00bbdefault\u00bb column_direction_tablet=\u00bbdefault\u00bb column_direction_phone=\u00bbdefault\u00bb bg_color=\u00bbrgba(237,196,49,0.2)\u00bb scene_position=\u00bbcenter\u00bb top_padding=\u00bb60&#8243; bottom_padding=\u00bb90&#8243; bottom_padding_tablet=\u00bb0&#8243; text_color=\u00bbdark\u00bb text_align=\u00bbleft\u00bb row_border_radius=\u00bbnone\u00bb row_border_radius_applies=\u00bbbg\u00bb overflow=\u00bbvisible\u00bb overlay_strength=\u00bb0.3&#8243; gradient_direction=\u00bbleft_to_right\u00bb shape_divider_position=\u00bbbottom\u00bb bg_image_animation=\u00bbnone\u00bb gradient_type=\u00bbdefault\u00bb shape_type=\u00bb\u00bb][vc_column column_padding=\u00bbno-extra-padding\u00bb column_padding_tablet=\u00bbinherit\u00bb column_padding_phone=\u00bbinherit\u00bb column_padding_position=\u00bball\u00bb column_element_direction_desktop=\u00bbdefault\u00bb column_element_spacing=\u00bbdefault\u00bb desktop_text_alignment=\u00bbdefault\u00bb...","og_url":"https:\/\/women4biodiversity.org\/es\/politica-de-privacidad\/","og_site_name":"Women4Biodiversity","article_publisher":"https:\/\/www.facebook.com\/Women4Biodiversity\/","article_modified_time":"2025-01-07T17:12:33+00:00","twitter_card":"summary_large_image","twitter_site":"@Women4Biodiv","twitter_misc":{"Tiempo de lectura":"6 minutos"},"schema":{"@context":"https:\/\/schema.org","@graph":[{"@type":"WebPage","@id":"https:\/\/women4biodiversity.org\/es\/politica-de-privacidad\/","url":"https:\/\/women4biodiversity.org\/es\/politica-de-privacidad\/","name":"Pol\u00edtica de privacidad - Women4Biodiversity","isPartOf":{"@id":"https:\/\/women4biodiversity.org\/es\/#website"},"datePublished":"2024-05-07T05:43:04+00:00","dateModified":"2025-01-07T17:12:33+00:00","breadcrumb":{"@id":"https:\/\/women4biodiversity.org\/es\/politica-de-privacidad\/#breadcrumb"},"inLanguage":"es","potentialAction":[{"@type":"ReadAction","target":["https:\/\/women4biodiversity.org\/es\/politica-de-privacidad\/"]}]},{"@type":"BreadcrumbList","@id":"https:\/\/women4biodiversity.org\/es\/politica-de-privacidad\/#breadcrumb","itemListElement":[{"@type":"ListItem","position":1,"name":"Home","item":"https:\/\/women4biodiversity.org\/es\/landing\/"},{"@type":"ListItem","position":2,"name":"Pol\u00edtica de privacidad"}]},{"@type":"WebSite","@id":"https:\/\/women4biodiversity.org\/es\/#website","url":"https:\/\/women4biodiversity.org\/es\/","name":"Women4Biodiversity","description":"","publisher":{"@id":"https:\/\/women4biodiversity.org\/es\/#organization"},"potentialAction":[{"@type":"SearchAction","target":{"@type":"EntryPoint","urlTemplate":"https:\/\/women4biodiversity.org\/es\/?s={search_term_string}"},"query-input":{"@type":"PropertyValueSpecification","valueRequired":true,"valueName":"search_term_string"}}],"inLanguage":"es"},{"@type":"Organization","@id":"https:\/\/women4biodiversity.org\/es\/#organization","name":"Women4Biodiversity","url":"https:\/\/women4biodiversity.org\/es\/","logo":{"@type":"ImageObject","inLanguage":"es","@id":"https:\/\/women4biodiversity.org\/es\/#\/schema\/logo\/image\/","url":"https:\/\/women4biodiversity.org\/wp-content\/uploads\/2024\/08\/W4B_LongLogo_2024-Amended-OH.svg","contentUrl":"https:\/\/women4biodiversity.org\/wp-content\/uploads\/2024\/08\/W4B_LongLogo_2024-Amended-OH.svg","width":"1024","height":"1024","caption":"Women4Biodiversity"},"image":{"@id":"https:\/\/women4biodiversity.org\/es\/#\/schema\/logo\/image\/"},"sameAs":["https:\/\/www.facebook.com\/Women4Biodiversity\/","https:\/\/x.com\/Women4Biodiv","https:\/\/www.instagram.com\/women4biodiv\/"]}]}},"_links":{"self":[{"href":"https:\/\/women4biodiversity.org\/es\/wp-json\/wp\/v2\/pages\/31210","targetHints":{"allow":["GET"]}}],"collection":[{"href":"https:\/\/women4biodiversity.org\/es\/wp-json\/wp\/v2\/pages"}],"about":[{"href":"https:\/\/women4biodiversity.org\/es\/wp-json\/wp\/v2\/types\/page"}],"author":[{"embeddable":true,"href":"https:\/\/women4biodiversity.org\/es\/wp-json\/wp\/v2\/users\/1"}],"replies":[{"embeddable":true,"href":"https:\/\/women4biodiversity.org\/es\/wp-json\/wp\/v2\/comments?post=31210"}],"version-history":[{"count":2,"href":"https:\/\/women4biodiversity.org\/es\/wp-json\/wp\/v2\/pages\/31210\/revisions"}],"predecessor-version":[{"id":31212,"href":"https:\/\/women4biodiversity.org\/es\/wp-json\/wp\/v2\/pages\/31210\/revisions\/31212"}],"wp:attachment":[{"href":"https:\/\/women4biodiversity.org\/es\/wp-json\/wp\/v2\/media?parent=31210"}],"curies":[{"name":"wp","href":"https:\/\/api.w.org\/{rel}","templated":true}]}}