
























{"id":31207,"date":"2024-05-07T07:43:04","date_gmt":"2024-05-07T05:43:04","guid":{"rendered":"https:\/\/women4biodiversity.org\/politique-de-confidentialite\/"},"modified":"2025-01-07T18:05:01","modified_gmt":"2025-01-07T17:05:01","slug":"politique-de-confidentialite","status":"publish","type":"page","link":"https:\/\/women4biodiversity.org\/fr\/politique-de-confidentialite\/","title":{"rendered":"Politique de confidentialit\u00e9"},"content":{"rendered":"[vc_row type=\u00a0\u00bbfull_width_background\u00a0\u00bb full_screen_row_position=\u00a0\u00bbmiddle\u00a0\u00bb column_margin=\u00a0\u00bbdefault\u00a0\u00bb column_direction=\u00a0\u00bbdefault\u00a0\u00bb column_direction_tablet=\u00a0\u00bbdefault\u00a0\u00bb column_direction_phone=\u00a0\u00bbdefault\u00a0\u00bb bg_color=\u00a0\u00bbrgba(237,196,49,0.2)\u00a0\u00bb scene_position=\u00a0\u00bbcenter\u00a0\u00bb top_padding=\u00a0\u00bb60&Prime; bottom_padding=\u00a0\u00bb90&Prime; bottom_padding_tablet=\u00a0\u00bb0&Prime; text_color=\u00a0\u00bbdark\u00a0\u00bb text_align=\u00a0\u00bbleft\u00a0\u00bb row_border_radius=\u00a0\u00bbnone\u00a0\u00bb row_border_radius_applies=\u00a0\u00bbbg\u00a0\u00bb overflow=\u00a0\u00bbvisible\u00a0\u00bb overlay_strength=\u00a0\u00bb0.3&Prime; gradient_direction=\u00a0\u00bbleft_to_right\u00a0\u00bb shape_divider_position=\u00a0\u00bbbottom\u00a0\u00bb bg_image_animation=\u00a0\u00bbnone\u00a0\u00bb gradient_type=\u00a0\u00bbdefault\u00a0\u00bb shape_type=\u00a0\u00bb\u00a0\u00bb][vc_column column_padding=\u00a0\u00bbno-extra-padding\u00a0\u00bb column_padding_tablet=\u00a0\u00bbinherit\u00a0\u00bb column_padding_phone=\u00a0\u00bbinherit\u00a0\u00bb column_padding_position=\u00a0\u00bball\u00a0\u00bb column_element_direction_desktop=\u00a0\u00bbdefault\u00a0\u00bb column_element_spacing=\u00a0\u00bbdefault\u00a0\u00bb desktop_text_alignment=\u00a0\u00bbdefault\u00a0\u00bb tablet_text_alignment=\u00a0\u00bbdefault\u00a0\u00bb phone_text_alignment=\u00a0\u00bbdefault\u00a0\u00bb background_color_opacity=\u00a0\u00bb1&Prime; background_hover_color_opacity=\u00a0\u00bb1&Prime; column_backdrop_filter=\u00a0\u00bbnone\u00a0\u00bb column_shadow=\u00a0\u00bbnone\u00a0\u00bb column_border_radius=\u00a0\u00bbnone\u00a0\u00bb column_link_target=\u00a0\u00bb_self\u00a0\u00bb column_position=\u00a0\u00bbdefault\u00a0\u00bb gradient_direction=\u00a0\u00bbleft_to_right\u00a0\u00bb overlay_strength=\u00a0\u00bb0.3&Prime; width=\u00a0\u00bb1\/1&Prime; tablet_width_inherit=\u00a0\u00bbdefault\u00a0\u00bb animation_type=\u00a0\u00bbdefault\u00a0\u00bb bg_image_animation=\u00a0\u00bbnone\u00a0\u00bb border_type=\u00a0\u00bbsimple\u00a0\u00bb column_border_width=\u00a0\u00bbnone\u00a0\u00bb column_border_style=\u00a0\u00bbsolid\u00a0\u00bb][vc_column_text css=\u00a0\u00bb\u00a0\u00bb text_direction=\u00a0\u00bbdefault\u00a0\u00bb]\n<h1 style=\"text-align: left;\">Politique de confidentialit\u00e9<\/h1>\n[\/vc_column_text][vc_row_inner column_margin=\u00a0\u00bbdefault\u00a0\u00bb column_direction=\u00a0\u00bbdefault\u00a0\u00bb column_direction_tablet=\u00a0\u00bbdefault\u00a0\u00bb column_direction_phone=\u00a0\u00bbdefault\u00a0\u00bb top_padding=\u00a0\u00bb60px\u00a0\u00bb constrain_group_1=\u00a0\u00bbyes\u00a0\u00bb bottom_padding=\u00a0\u00bb60px\u00a0\u00bb top_padding_phone=\u00a0\u00bb30px\u00a0\u00bb constrain_group_5=\u00a0\u00bbyes\u00a0\u00bb bottom_padding_phone=\u00a0\u00bb30px\u00a0\u00bb text_align=\u00a0\u00bbleft\u00a0\u00bb row_position=\u00a0\u00bbdefault\u00a0\u00bb row_position_tablet=\u00a0\u00bbinherit\u00a0\u00bb row_position_phone=\u00a0\u00bbinherit\u00a0\u00bb overflow=\u00a0\u00bbvisible\u00a0\u00bb pointer_events=\u00a0\u00bball\u00a0\u00bb][vc_column_inner column_padding=\u00a0\u00bbno-extra-padding\u00a0\u00bb column_padding_tablet=\u00a0\u00bbinherit\u00a0\u00bb column_padding_phone=\u00a0\u00bbinherit\u00a0\u00bb column_padding_position=\u00a0\u00bball\u00a0\u00bb column_element_direction_desktop=\u00a0\u00bbdefault\u00a0\u00bb column_element_spacing=\u00a0\u00bbdefault\u00a0\u00bb desktop_text_alignment=\u00a0\u00bbdefault\u00a0\u00bb tablet_text_alignment=\u00a0\u00bbdefault\u00a0\u00bb phone_text_alignment=\u00a0\u00bbdefault\u00a0\u00bb background_color_opacity=\u00a0\u00bb1&Prime; background_hover_color_opacity=\u00a0\u00bb1&Prime; column_backdrop_filter=\u00a0\u00bbnone\u00a0\u00bb column_shadow=\u00a0\u00bbnone\u00a0\u00bb column_border_radius=\u00a0\u00bbnone\u00a0\u00bb column_link_target=\u00a0\u00bb_self\u00a0\u00bb overflow=\u00a0\u00bbvisible\u00a0\u00bb gradient_direction=\u00a0\u00bbleft_to_right\u00a0\u00bb overlay_strength=\u00a0\u00bb0.3&Prime; width=\u00a0\u00bb1\/2&Prime; tablet_width_inherit=\u00a0\u00bbdefault\u00a0\u00bb animation_type=\u00a0\u00bbdefault\u00a0\u00bb bg_image_animation=\u00a0\u00bbnone\u00a0\u00bb border_type=\u00a0\u00bbsimple\u00a0\u00bb column_border_width=\u00a0\u00bbnone\u00a0\u00bb column_border_style=\u00a0\u00bbsolid\u00a0\u00bb][vc_column_text css=\u00a0\u00bb\u00a0\u00bb text_direction=\u00a0\u00bbdefault\u00a0\u00bb]Women4Biodiversity (\u00ab nous \u00bb, \u00ab notre \u00bb ou \u00ab nos \u00bb) s&rsquo;engage \u00e0 prot\u00e9ger votre vie priv\u00e9e. La pr\u00e9sente politique de confidentialit\u00e9 d\u00e9crit les types d&rsquo;informations que nous recueillons, la mani\u00e8re dont nous les utilisons, la mani\u00e8re dont nous les partageons, ainsi que vos droits et vos choix concernant vos informations lorsque vous utilisez notre site web, https:\/\/www.women4biodiversity.org (\u00ab Site \u00bb). <\/p>\n<p>&nbsp;<\/p>\n<h4>1. Les informations que nous collectons<\/h4>\n<p>Nous recueillons diff\u00e9rents types d&rsquo;informations afin de fournir et d&rsquo;am\u00e9liorer nos services :<\/p>\n<ul>\n<li>Informations personnelles : Lorsque vous vous abonnez \u00e0 notre lettre d&rsquo;information, que vous nous contactez ou que vous participez \u00e0 nos programmes, nous pouvons recueillir votre nom, votre adresse \u00e9lectronique, votre organisation et toute autre information que vous choisissez de nous fournir.<\/li>\n<li>Donn\u00e9es d&rsquo;utilisation : Nous recueillons des informations sur la mani\u00e8re dont vous acc\u00e9dez au site et l&rsquo;utilisez, telles que votre adresse IP, votre type de navigateur, votre syst\u00e8me d&rsquo;exploitation et les pages que vous visitez sur notre site. Ces informations nous aident \u00e0 am\u00e9liorer l&rsquo;exp\u00e9rience de l&rsquo;utilisateur et la s\u00e9curit\u00e9 du site. <\/li>\n<li>Cookies et technologies de suivi : Nous utilisons des cookies et des technologies similaires pour am\u00e9liorer la fonctionnalit\u00e9 de notre site, recueillir des donn\u00e9es d&rsquo;utilisation et personnaliser le contenu. Vous pouvez r\u00e9gler vos pr\u00e9f\u00e9rences en mati\u00e8re de cookies dans les param\u00e8tres de votre navigateur. <\/li>\n<\/ul>\n<div class=\"wpb_text_column wpb_content_element \">\n<div class=\"wpb_wrapper\">\n<p>&nbsp;<\/p>\n<\/div>\n<\/div>\n<div class=\"wpb_text_column wpb_content_element vc_custom_1641467438127\">\n<div class=\"wpb_wrapper\">\n<h4>2. Comment nous utilisons vos informations<\/h4>\n<p>Nous utilisons les informations que nous recueillons aux fins suivantes :<\/p>\n<ul>\n<li>Fournir, maintenir et am\u00e9liorer notre site et nos services ;<\/li>\n<li>Pour communiquer avec vous, r\u00e9pondre \u00e0 vos demandes et vous fournir les informations que vous demandez ;<\/li>\n<li>Pour vous envoyer des bulletins d&rsquo;information, des mises \u00e0 jour et des documents promotionnels (vous pouvez vous d\u00e9sabonner \u00e0 tout moment) ;<\/li>\n<li>Contr\u00f4ler et analyser l&rsquo;utilisation et les tendances afin d&rsquo;am\u00e9liorer le site ;<\/li>\n<li>faire respecter nos conditions et politiques et assurer la s\u00e9curit\u00e9 du site.<\/li>\n<\/ul>\n<div class=\"wpb_text_column wpb_content_element vc_custom_1644847872336\">\n<div class=\"wpb_wrapper\">\n<p>&nbsp;<\/p>\n<\/div>\n<\/div>\n<div class=\"wpb_text_column wpb_content_element \">\n<div class=\"wpb_wrapper\">\n<h4><\/h4>\n<\/div>\n<\/div>\n<\/div>\n<\/div>\n<div class=\"wpb_text_column wpb_content_element vc_custom_1644847618153\">\n<div class=\"wpb_wrapper\">\n<h4>3. Comment nous partageons vos informations<\/h4>\n<p>Nous ne vendons ni ne louons vos informations personnelles \u00e0 des tiers. Toutefois, nous pouvons partager vos informations avec : <\/p>\n<ul>\n<li>des prestataires de services : Nous pouvons partager des informations avec des vendeurs et des prestataires de services tiers qui nous aident \u00e0 exploiter le site ou \u00e0 fournir des services en notre nom, tels que des services de distribution de courrier \u00e9lectronique ou d&rsquo;h\u00e9bergement.<\/li>\n<li>Conformit\u00e9 et protection juridiques : Nous pouvons divulguer des informations pour nous conformer aux lois, r\u00e9glementations ou proc\u00e9dures l\u00e9gales applicables, et pour prot\u00e9ger les droits, la s\u00e9curit\u00e9 ou la propri\u00e9t\u00e9 de Women4Biodiversity, de nos utilisateurs ou d&rsquo;autres personnes.<\/li>\n<\/ul>\n<\/div>\n<\/div>\n<div class=\"wpb_text_column wpb_content_element vc_custom_1644847780948\">\n<div class=\"wpb_wrapper\">\n<div class=\"wpb_text_column wpb_content_element vc_custom_1641467438127\">\n<div class=\"wpb_text_column wpb_content_element vc_custom_1644847872336\">\n<div class=\"wpb_wrapper\">\n<p>&nbsp;<\/p>\n<\/div>\n<\/div>\n<div class=\"wpb_text_column wpb_content_element \">\n<div class=\"wpb_wrapper\">\n<h4><\/h4>\n<\/div>\n<\/div>\n<\/div>\n<h4>4. Vos droits et vos choix<\/h4>\n<p>Selon l&rsquo;endroit o\u00f9 vous vous trouvez, vous pouvez avoir des droits concernant vos informations personnelles, notamment :<\/p>\n<ul>\n<li>Acc\u00e8s et correction : Vous pouvez demander l&rsquo;acc\u00e8s ou la correction des informations personnelles que nous d\u00e9tenons \u00e0 votre sujet.<\/li>\n<li>Suppression : Vous pouvez nous demander de supprimer vos informations personnelles, sous r\u00e9serve d&rsquo;obligations l\u00e9gales.<\/li>\n<li>D\u00e9sinscription : Vous pouvez vous d\u00e9sabonner de nos communications marketing \u00e0 tout moment en suivant les instructions figurant dans nos courriels ou en nous contactant.<\/li>\n<\/ul>\n<\/div>\n<\/div>\n<div class=\"wpb_text_column wpb_content_element \">\n<div class=\"wpb_wrapper\">\n<p>&nbsp;<\/p>\n<h4>5. S\u00e9curit\u00e9<\/h4>\n<p>Nous mettons en oeuvre des mesures raisonnables pour prot\u00e9ger vos informations contre l&rsquo;acc\u00e8s non autoris\u00e9, l&rsquo;alt\u00e9ration ou la destruction. Toutefois, aucune mesure de s\u00e9curit\u00e9 n&rsquo;est parfaite et nous ne pouvons pas garantir une s\u00e9curit\u00e9 absolue. <\/p>\n<p>&nbsp;<\/p>\n<\/div>\n<\/div>\n<div class=\"wpb_text_column wpb_content_element vc_custom_1644847808199\">\n<div class=\"wpb_wrapper\">\n<h4>6. Liens vers des sites tiers<\/h4>\n<p>Notre site peut contenir des liens vers des sites web de tiers. Nous ne sommes pas responsables des pratiques de confidentialit\u00e9 ou du contenu de ces sites. Veuillez consulter leurs politiques de confidentialit\u00e9 avant de fournir des informations personnelles  <\/p>\n<p>&nbsp;<\/p>\n<\/div>\n<\/div>\n<div class=\"wpb_text_column wpb_content_element vc_custom_1641467553162\">\n<div class=\"wpb_wrapper\">\n<h4>7. Vie priv\u00e9e des enfants<\/h4>\n<p>Notre site n&rsquo;est pas destin\u00e9 aux enfants de moins de 13 ans. Nous ne recueillons pas sciemment d&rsquo;informations personnelles aupr\u00e8s d&rsquo;enfants de moins de 13 ans. Si nous apprenons que nous avons recueilli des informations aupr\u00e8s d&rsquo;un enfant de moins de 13 ans, nous prendrons des mesures pour les supprimer rapidement.  <\/p>\n<p>&nbsp;<\/p>\n<\/div>\n<\/div>\n<div class=\"wpb_text_column wpb_content_element vc_custom_1644847872336\">\n<div class=\"wpb_wrapper\">\n<h4>8. Modifications de la pr\u00e9sente politique de confidentialit\u00e9<\/h4>\n<p>Nous pouvons mettre \u00e0 jour la pr\u00e9sente politique de confidentialit\u00e9 de temps \u00e0 autre. Nous vous informerons des changements importants en publiant la politique mise \u00e0 jour sur notre site, et nous vous encourageons \u00e0 la consulter r\u00e9guli\u00e8rement. <\/p>\n<p>&nbsp;<\/p>\n<\/div>\n<\/div>\n<div class=\"wpb_text_column wpb_content_element \">\n<div class=\"wpb_wrapper\">\n<h4>9. Nous contacter<\/h4>\n<p>Si vous avez des questions ou des pr\u00e9occupations concernant la pr\u00e9sente politique de confidentialit\u00e9, veuillez nous contacter \u00e0 l&rsquo;adresse suivante : Women4Biodiversity<br \/>\nBan Wang Tan<br \/>\nSan Phak Wan<br \/>\nHang Dong, North 50230<br \/>\nThailand<\/p>\n<p><a href=\"mailto:info@women4biodiversity.org\">info@women4biodiversity.org<\/a><\/p>\n<\/div>\n<\/div>\n[\/vc_column_text][\/vc_column_inner][vc_column_inner column_padding=\u00a0\u00bbno-extra-padding\u00a0\u00bb column_padding_tablet=\u00a0\u00bbinherit\u00a0\u00bb column_padding_phone=\u00a0\u00bbinherit\u00a0\u00bb column_padding_position=\u00a0\u00bball\u00a0\u00bb column_element_direction_desktop=\u00a0\u00bbdefault\u00a0\u00bb column_element_spacing=\u00a0\u00bbdefault\u00a0\u00bb desktop_text_alignment=\u00a0\u00bbdefault\u00a0\u00bb tablet_text_alignment=\u00a0\u00bbdefault\u00a0\u00bb phone_text_alignment=\u00a0\u00bbdefault\u00a0\u00bb background_color_opacity=\u00a0\u00bb1&Prime; background_hover_color_opacity=\u00a0\u00bb1&Prime; column_backdrop_filter=\u00a0\u00bbnone\u00a0\u00bb column_shadow=\u00a0\u00bbnone\u00a0\u00bb column_border_radius=\u00a0\u00bbnone\u00a0\u00bb column_link_target=\u00a0\u00bb_self\u00a0\u00bb overflow=\u00a0\u00bbvisible\u00a0\u00bb gradient_direction=\u00a0\u00bbleft_to_right\u00a0\u00bb overlay_strength=\u00a0\u00bb0.3&Prime; width=\u00a0\u00bb1\/2&Prime; tablet_width_inherit=\u00a0\u00bbdefault\u00a0\u00bb animation_type=\u00a0\u00bbdefault\u00a0\u00bb bg_image_animation=\u00a0\u00bbnone\u00a0\u00bb border_type=\u00a0\u00bbsimple\u00a0\u00bb column_border_width=\u00a0\u00bbnone\u00a0\u00bb column_border_style=\u00a0\u00bbsolid\u00a0\u00bb][\/vc_column_inner][\/vc_row_inner][\/vc_column][\/vc_row]\n","protected":false},"excerpt":{"rendered":"<p>[vc_row type=\u00a0\u00bbfull_width_background\u00a0\u00bb full_screen_row_position=\u00a0\u00bbmiddle\u00a0\u00bb column_margin=\u00a0\u00bbdefault\u00a0\u00bb column_direction=\u00a0\u00bbdefault\u00a0\u00bb column_direction_tablet=\u00a0\u00bbdefault\u00a0\u00bb column_direction_phone=\u00a0\u00bbdefault\u00a0\u00bb bg_color=\u00a0\u00bbrgba(237,196,49,0.2)\u00a0\u00bb scene_position=\u00a0\u00bbcenter\u00a0\u00bb top_padding=\u00a0\u00bb60&Prime; bottom_padding=\u00a0\u00bb90&Prime; bottom_padding_tablet=\u00a0\u00bb0&Prime; text_color=\u00a0\u00bbdark\u00a0\u00bb text_align=\u00a0\u00bbleft\u00a0\u00bb row_border_radius=\u00a0\u00bbnone\u00a0\u00bb row_border_radius_applies=\u00a0\u00bbbg\u00a0\u00bb overflow=\u00a0\u00bbvisible\u00a0\u00bb overlay_strength=\u00a0\u00bb0.3&Prime; gradient_direction=\u00a0\u00bbleft_to_right\u00a0\u00bb shape_divider_position=\u00a0\u00bbbottom\u00a0\u00bb bg_image_animation=\u00a0\u00bbnone\u00a0\u00bb gradient_type=\u00a0\u00bbdefault\u00a0\u00bb shape_type=\u00a0\u00bb\u00a0\u00bb][vc_column column_padding=\u00a0\u00bbno-extra-padding\u00a0\u00bb column_padding_tablet=\u00a0\u00bbinherit\u00a0\u00bb column_padding_phone=\u00a0\u00bbinherit\u00a0\u00bb column_padding_position=\u00a0\u00bball\u00a0\u00bb column_element_direction_desktop=\u00a0\u00bbdefault\u00a0\u00bb column_element_spacing=\u00a0\u00bbdefault\u00a0\u00bb desktop_text_alignment=\u00a0\u00bbdefault\u00a0\u00bb&#8230;<\/p>\n","protected":false},"author":1,"featured_media":0,"parent":0,"menu_order":0,"comment_status":"closed","ping_status":"open","template":"","meta":{"inline_featured_image":false,"ngg_post_thumbnail":0,"footnotes":""},"class_list":["post-31207","page","type-page","status-publish"],"yoast_head":"<!-- This site is optimized with the Yoast SEO plugin v25.4 - https:\/\/yoast.com\/wordpress\/plugins\/seo\/ -->\n<title>Politique de confidentialit\u00e9 - Women4Biodiversity<\/title>\n<meta name=\"robots\" content=\"index, follow, max-snippet:-1, max-image-preview:large, max-video-preview:-1\" \/>\n<link rel=\"canonical\" href=\"https:\/\/women4biodiversity.org\/fr\/politique-de-confidentialite\/\" \/>\n<meta property=\"og:locale\" content=\"fr_FR\" \/>\n<meta property=\"og:type\" content=\"article\" \/>\n<meta property=\"og:title\" content=\"Politique de confidentialit\u00e9 - Women4Biodiversity\" \/>\n<meta property=\"og:description\" content=\"[vc_row type=\u00a0\u00bbfull_width_background\u00a0\u00bb full_screen_row_position=\u00a0\u00bbmiddle\u00a0\u00bb column_margin=\u00a0\u00bbdefault\u00a0\u00bb column_direction=\u00a0\u00bbdefault\u00a0\u00bb column_direction_tablet=\u00a0\u00bbdefault\u00a0\u00bb column_direction_phone=\u00a0\u00bbdefault\u00a0\u00bb bg_color=\u00a0\u00bbrgba(237,196,49,0.2)\u00a0\u00bb scene_position=\u00a0\u00bbcenter\u00a0\u00bb top_padding=\u00a0\u00bb60&Prime; bottom_padding=\u00a0\u00bb90&Prime; bottom_padding_tablet=\u00a0\u00bb0&Prime; text_color=\u00a0\u00bbdark\u00a0\u00bb text_align=\u00a0\u00bbleft\u00a0\u00bb row_border_radius=\u00a0\u00bbnone\u00a0\u00bb row_border_radius_applies=\u00a0\u00bbbg\u00a0\u00bb overflow=\u00a0\u00bbvisible\u00a0\u00bb overlay_strength=\u00a0\u00bb0.3&Prime; gradient_direction=\u00a0\u00bbleft_to_right\u00a0\u00bb shape_divider_position=\u00a0\u00bbbottom\u00a0\u00bb bg_image_animation=\u00a0\u00bbnone\u00a0\u00bb gradient_type=\u00a0\u00bbdefault\u00a0\u00bb shape_type=\u00a0\u00bb\u00a0\u00bb][vc_column column_padding=\u00a0\u00bbno-extra-padding\u00a0\u00bb column_padding_tablet=\u00a0\u00bbinherit\u00a0\u00bb column_padding_phone=\u00a0\u00bbinherit\u00a0\u00bb column_padding_position=\u00a0\u00bball\u00a0\u00bb column_element_direction_desktop=\u00a0\u00bbdefault\u00a0\u00bb column_element_spacing=\u00a0\u00bbdefault\u00a0\u00bb desktop_text_alignment=\u00a0\u00bbdefault\u00a0\u00bb...\" \/>\n<meta property=\"og:url\" content=\"https:\/\/women4biodiversity.org\/fr\/politique-de-confidentialite\/\" \/>\n<meta property=\"og:site_name\" content=\"Women4Biodiversity\" \/>\n<meta property=\"article:publisher\" content=\"https:\/\/www.facebook.com\/Women4Biodiversity\/\" \/>\n<meta property=\"article:modified_time\" content=\"2025-01-07T17:05:01+00:00\" \/>\n<meta name=\"twitter:card\" content=\"summary_large_image\" \/>\n<meta name=\"twitter:site\" content=\"@Women4Biodiv\" \/>\n<meta name=\"twitter:label1\" content=\"Dur\u00e9e de lecture estim\u00e9e\" \/>\n\t<meta name=\"twitter:data1\" content=\"6 minutes\" \/>\n<script type=\"application\/ld+json\" class=\"yoast-schema-graph\">{\"@context\":\"https:\/\/schema.org\",\"@graph\":[{\"@type\":\"WebPage\",\"@id\":\"https:\/\/women4biodiversity.org\/fr\/politique-de-confidentialite\/\",\"url\":\"https:\/\/women4biodiversity.org\/fr\/politique-de-confidentialite\/\",\"name\":\"Politique de confidentialit\u00e9 - Women4Biodiversity\",\"isPartOf\":{\"@id\":\"https:\/\/women4biodiversity.org\/fr\/#website\"},\"datePublished\":\"2024-05-07T05:43:04+00:00\",\"dateModified\":\"2025-01-07T17:05:01+00:00\",\"breadcrumb\":{\"@id\":\"https:\/\/women4biodiversity.org\/fr\/politique-de-confidentialite\/#breadcrumb\"},\"inLanguage\":\"fr-FR\",\"potentialAction\":[{\"@type\":\"ReadAction\",\"target\":[\"https:\/\/women4biodiversity.org\/fr\/politique-de-confidentialite\/\"]}]},{\"@type\":\"BreadcrumbList\",\"@id\":\"https:\/\/women4biodiversity.org\/fr\/politique-de-confidentialite\/#breadcrumb\",\"itemListElement\":[{\"@type\":\"ListItem\",\"position\":1,\"name\":\"Home\",\"item\":\"https:\/\/women4biodiversity.org\/fr\/landing\/\"},{\"@type\":\"ListItem\",\"position\":2,\"name\":\"Politique de confidentialit\u00e9\"}]},{\"@type\":\"WebSite\",\"@id\":\"https:\/\/women4biodiversity.org\/fr\/#website\",\"url\":\"https:\/\/women4biodiversity.org\/fr\/\",\"name\":\"Women4Biodiversity\",\"description\":\"\",\"publisher\":{\"@id\":\"https:\/\/women4biodiversity.org\/fr\/#organization\"},\"potentialAction\":[{\"@type\":\"SearchAction\",\"target\":{\"@type\":\"EntryPoint\",\"urlTemplate\":\"https:\/\/women4biodiversity.org\/fr\/?s={search_term_string}\"},\"query-input\":{\"@type\":\"PropertyValueSpecification\",\"valueRequired\":true,\"valueName\":\"search_term_string\"}}],\"inLanguage\":\"fr-FR\"},{\"@type\":\"Organization\",\"@id\":\"https:\/\/women4biodiversity.org\/fr\/#organization\",\"name\":\"Women4Biodiversity\",\"url\":\"https:\/\/women4biodiversity.org\/fr\/\",\"logo\":{\"@type\":\"ImageObject\",\"inLanguage\":\"fr-FR\",\"@id\":\"https:\/\/women4biodiversity.org\/fr\/#\/schema\/logo\/image\/\",\"url\":\"https:\/\/women4biodiversity.org\/wp-content\/uploads\/2024\/08\/W4B_LongLogo_2024-Amended-OH.svg\",\"contentUrl\":\"https:\/\/women4biodiversity.org\/wp-content\/uploads\/2024\/08\/W4B_LongLogo_2024-Amended-OH.svg\",\"width\":\"1024\",\"height\":\"1024\",\"caption\":\"Women4Biodiversity\"},\"image\":{\"@id\":\"https:\/\/women4biodiversity.org\/fr\/#\/schema\/logo\/image\/\"},\"sameAs\":[\"https:\/\/www.facebook.com\/Women4Biodiversity\/\",\"https:\/\/x.com\/Women4Biodiv\",\"https:\/\/www.instagram.com\/women4biodiv\/\"]}]}<\/script>\n<!-- \/ Yoast SEO plugin. -->","yoast_head_json":{"title":"Politique de confidentialit\u00e9 - Women4Biodiversity","robots":{"index":"index","follow":"follow","max-snippet":"max-snippet:-1","max-image-preview":"max-image-preview:large","max-video-preview":"max-video-preview:-1"},"canonical":"https:\/\/women4biodiversity.org\/fr\/politique-de-confidentialite\/","og_locale":"fr_FR","og_type":"article","og_title":"Politique de confidentialit\u00e9 - Women4Biodiversity","og_description":"[vc_row type=\u00a0\u00bbfull_width_background\u00a0\u00bb full_screen_row_position=\u00a0\u00bbmiddle\u00a0\u00bb column_margin=\u00a0\u00bbdefault\u00a0\u00bb column_direction=\u00a0\u00bbdefault\u00a0\u00bb column_direction_tablet=\u00a0\u00bbdefault\u00a0\u00bb column_direction_phone=\u00a0\u00bbdefault\u00a0\u00bb bg_color=\u00a0\u00bbrgba(237,196,49,0.2)\u00a0\u00bb scene_position=\u00a0\u00bbcenter\u00a0\u00bb top_padding=\u00a0\u00bb60&Prime; bottom_padding=\u00a0\u00bb90&Prime; bottom_padding_tablet=\u00a0\u00bb0&Prime; text_color=\u00a0\u00bbdark\u00a0\u00bb text_align=\u00a0\u00bbleft\u00a0\u00bb row_border_radius=\u00a0\u00bbnone\u00a0\u00bb row_border_radius_applies=\u00a0\u00bbbg\u00a0\u00bb overflow=\u00a0\u00bbvisible\u00a0\u00bb overlay_strength=\u00a0\u00bb0.3&Prime; gradient_direction=\u00a0\u00bbleft_to_right\u00a0\u00bb shape_divider_position=\u00a0\u00bbbottom\u00a0\u00bb bg_image_animation=\u00a0\u00bbnone\u00a0\u00bb gradient_type=\u00a0\u00bbdefault\u00a0\u00bb shape_type=\u00a0\u00bb\u00a0\u00bb][vc_column column_padding=\u00a0\u00bbno-extra-padding\u00a0\u00bb column_padding_tablet=\u00a0\u00bbinherit\u00a0\u00bb column_padding_phone=\u00a0\u00bbinherit\u00a0\u00bb column_padding_position=\u00a0\u00bball\u00a0\u00bb column_element_direction_desktop=\u00a0\u00bbdefault\u00a0\u00bb column_element_spacing=\u00a0\u00bbdefault\u00a0\u00bb desktop_text_alignment=\u00a0\u00bbdefault\u00a0\u00bb...","og_url":"https:\/\/women4biodiversity.org\/fr\/politique-de-confidentialite\/","og_site_name":"Women4Biodiversity","article_publisher":"https:\/\/www.facebook.com\/Women4Biodiversity\/","article_modified_time":"2025-01-07T17:05:01+00:00","twitter_card":"summary_large_image","twitter_site":"@Women4Biodiv","twitter_misc":{"Dur\u00e9e de lecture estim\u00e9e":"6 minutes"},"schema":{"@context":"https:\/\/schema.org","@graph":[{"@type":"WebPage","@id":"https:\/\/women4biodiversity.org\/fr\/politique-de-confidentialite\/","url":"https:\/\/women4biodiversity.org\/fr\/politique-de-confidentialite\/","name":"Politique de confidentialit\u00e9 - Women4Biodiversity","isPartOf":{"@id":"https:\/\/women4biodiversity.org\/fr\/#website"},"datePublished":"2024-05-07T05:43:04+00:00","dateModified":"2025-01-07T17:05:01+00:00","breadcrumb":{"@id":"https:\/\/women4biodiversity.org\/fr\/politique-de-confidentialite\/#breadcrumb"},"inLanguage":"fr-FR","potentialAction":[{"@type":"ReadAction","target":["https:\/\/women4biodiversity.org\/fr\/politique-de-confidentialite\/"]}]},{"@type":"BreadcrumbList","@id":"https:\/\/women4biodiversity.org\/fr\/politique-de-confidentialite\/#breadcrumb","itemListElement":[{"@type":"ListItem","position":1,"name":"Home","item":"https:\/\/women4biodiversity.org\/fr\/landing\/"},{"@type":"ListItem","position":2,"name":"Politique de confidentialit\u00e9"}]},{"@type":"WebSite","@id":"https:\/\/women4biodiversity.org\/fr\/#website","url":"https:\/\/women4biodiversity.org\/fr\/","name":"Women4Biodiversity","description":"","publisher":{"@id":"https:\/\/women4biodiversity.org\/fr\/#organization"},"potentialAction":[{"@type":"SearchAction","target":{"@type":"EntryPoint","urlTemplate":"https:\/\/women4biodiversity.org\/fr\/?s={search_term_string}"},"query-input":{"@type":"PropertyValueSpecification","valueRequired":true,"valueName":"search_term_string"}}],"inLanguage":"fr-FR"},{"@type":"Organization","@id":"https:\/\/women4biodiversity.org\/fr\/#organization","name":"Women4Biodiversity","url":"https:\/\/women4biodiversity.org\/fr\/","logo":{"@type":"ImageObject","inLanguage":"fr-FR","@id":"https:\/\/women4biodiversity.org\/fr\/#\/schema\/logo\/image\/","url":"https:\/\/women4biodiversity.org\/wp-content\/uploads\/2024\/08\/W4B_LongLogo_2024-Amended-OH.svg","contentUrl":"https:\/\/women4biodiversity.org\/wp-content\/uploads\/2024\/08\/W4B_LongLogo_2024-Amended-OH.svg","width":"1024","height":"1024","caption":"Women4Biodiversity"},"image":{"@id":"https:\/\/women4biodiversity.org\/fr\/#\/schema\/logo\/image\/"},"sameAs":["https:\/\/www.facebook.com\/Women4Biodiversity\/","https:\/\/x.com\/Women4Biodiv","https:\/\/www.instagram.com\/women4biodiv\/"]}]}},"_links":{"self":[{"href":"https:\/\/women4biodiversity.org\/fr\/wp-json\/wp\/v2\/pages\/31207","targetHints":{"allow":["GET"]}}],"collection":[{"href":"https:\/\/women4biodiversity.org\/fr\/wp-json\/wp\/v2\/pages"}],"about":[{"href":"https:\/\/women4biodiversity.org\/fr\/wp-json\/wp\/v2\/types\/page"}],"author":[{"embeddable":true,"href":"https:\/\/women4biodiversity.org\/fr\/wp-json\/wp\/v2\/users\/1"}],"replies":[{"embeddable":true,"href":"https:\/\/women4biodiversity.org\/fr\/wp-json\/wp\/v2\/comments?post=31207"}],"version-history":[{"count":2,"href":"https:\/\/women4biodiversity.org\/fr\/wp-json\/wp\/v2\/pages\/31207\/revisions"}],"predecessor-version":[{"id":31209,"href":"https:\/\/women4biodiversity.org\/fr\/wp-json\/wp\/v2\/pages\/31207\/revisions\/31209"}],"wp:attachment":[{"href":"https:\/\/women4biodiversity.org\/fr\/wp-json\/wp\/v2\/media?parent=31207"}],"curies":[{"name":"wp","href":"https:\/\/api.w.org\/{rel}","templated":true}]}}