
























{"id":31657,"date":"2024-08-05T16:00:27","date_gmt":"2024-08-05T14:00:27","guid":{"rendered":"https:\/\/women4biodiversity.org\/archive\/photo-contest\/"},"modified":"2024-08-05T16:00:27","modified_gmt":"2024-08-05T14:00:27","slug":"photo-contest","status":"publish","type":"page","link":"https:\/\/women4biodiversity.org\/fr\/archive\/photo-contest\/","title":{"rendered":"Photo Contest"},"content":{"rendered":"<p><img loading=\"lazy\" decoding=\"async\" src=\"https:\/\/www.women4biodiversity.org\/wp-content\/uploads\/2022\/09\/cp-lp-1.png\" width=\"493\" height=\"98\" \/><\/p>\n<p><img loading=\"lazy\" decoding=\"async\" src=\"https:\/\/www.women4biodiversity.org\/wp-content\/uploads\/2022\/09\/cp-lp-2.png\" width=\"302\" height=\"114\" \/><\/p>\n<p><a href=\"https:\/\/www.women4biodiversity.org\/photo-contest-winners-finalists-2022\/\"><img loading=\"lazy\" decoding=\"async\" src=\"https:\/\/www.women4biodiversity.org\/wp-content\/uploads\/2022\/11\/english-pc-winners.png\" alt=\"\" width=\"600\" height=\"112\" \/><\/a><\/p>\n<h2>A photo contest to recognize women\u2019s contributions to the environment\u200b<\/h2>\n<p><a role=\"button\" href=\"https:\/\/www.women4biodiversity.org\/photo-contest-english\/\"><br \/>\nCRITERIA (English)<br \/>\n<\/a><br \/>\n<a role=\"button\" href=\"https:\/\/www.women4biodiversity.org\/photo-contest-spanish\/\"><br \/>\nBASES (Espa\u00f1ol)<br \/>\n<\/a><br \/>\n<a role=\"button\" href=\"https:\/\/www.women4biodiversity.org\/photo-contest-french\/\"><br \/>\nR\u00c8GLEMENT (Fran\u00e7ais)<br \/>\n<\/a><\/p>\n<h5><a name=\"contact\"><\/a>Get In Touch<\/h5>\n<h4>For inquiries, please email<\/h4>\n<h4>communications@women4biodiversity.org<\/h4>\n<p><a href=\"https:\/\/www.facebook.com\/Women4Biodiversity\/\" target=\"_blank\" rel=\"noopener\"><br \/>\nFacebook-f<br \/>\n<\/a><br \/>\n<a href=\"https:\/\/twitter.com\/Women4Biodiv\" target=\"_blank\" rel=\"noopener\"><br \/>\nTwitter<br \/>\n<\/a><br \/>\n<a href=\"https:\/\/www.instagram.com\/women4biodiv\/\" target=\"_blank\" rel=\"noopener\"><br \/>\nInstagram<br \/>\n<\/a><br \/>\n<a href=\"https:\/\/www.youtube.com\/channel\/UCMjsSwkm0w-brBrj82VHpVg\" target=\"_blank\" rel=\"noopener\"><br \/>\nYoutube<br \/>\n<\/a><\/p>\n","protected":false},"excerpt":{"rendered":"<p>A photo contest to recognize women\u2019s contributions to the environment\u200b CRITERIA (English) BASES (Espa\u00f1ol) R\u00c8GLEMENT (Fran\u00e7ais) Get In Touch For inquiries, please email communications@women4biodiversity.org Facebook-f Twitter Instagram Youtube<\/p>\n","protected":false},"author":1,"featured_media":0,"parent":31631,"menu_order":0,"comment_status":"closed","ping_status":"closed","template":"","meta":{"inline_featured_image":false,"ngg_post_thumbnail":0,"footnotes":""},"class_list":["post-31657","page","type-page","status-publish"],"yoast_head":"<!-- This site is optimized with the Yoast SEO plugin v25.4 - https:\/\/yoast.com\/wordpress\/plugins\/seo\/ -->\n<title>Photo Contest - Women4Biodiversity<\/title>\n<meta name=\"robots\" content=\"index, follow, max-snippet:-1, max-image-preview:large, max-video-preview:-1\" \/>\n<link rel=\"canonical\" href=\"https:\/\/women4biodiversity.org\/fr\/archive\/photo-contest\/\" \/>\n<meta property=\"og:locale\" content=\"fr_FR\" \/>\n<meta property=\"og:type\" content=\"article\" \/>\n<meta property=\"og:title\" content=\"Photo Contest - Women4Biodiversity\" \/>\n<meta property=\"og:description\" content=\"A photo contest to recognize women\u2019s contributions to the environment\u200b CRITERIA (English) BASES (Espa\u00f1ol) R\u00c8GLEMENT (Fran\u00e7ais) Get In Touch For inquiries, please email communications@women4biodiversity.org Facebook-f Twitter Instagram Youtube\" \/>\n<meta property=\"og:url\" content=\"https:\/\/women4biodiversity.org\/fr\/archive\/photo-contest\/\" \/>\n<meta property=\"og:site_name\" content=\"Women4Biodiversity\" \/>\n<meta property=\"article:publisher\" content=\"https:\/\/www.facebook.com\/Women4Biodiversity\/\" \/>\n<meta property=\"og:image\" content=\"https:\/\/www.women4biodiversity.org\/wp-content\/uploads\/2022\/09\/cp-lp-1.png\" \/>\n<meta name=\"twitter:card\" content=\"summary_large_image\" \/>\n<meta name=\"twitter:site\" content=\"@Women4Biodiv\" \/>\n<script type=\"application\/ld+json\" class=\"yoast-schema-graph\">{\"@context\":\"https:\/\/schema.org\",\"@graph\":[{\"@type\":\"WebPage\",\"@id\":\"https:\/\/women4biodiversity.org\/fr\/archive\/photo-contest\/\",\"url\":\"https:\/\/women4biodiversity.org\/fr\/archive\/photo-contest\/\",\"name\":\"Photo Contest - Women4Biodiversity\",\"isPartOf\":{\"@id\":\"https:\/\/women4biodiversity.org\/fr\/#website\"},\"primaryImageOfPage\":{\"@id\":\"https:\/\/women4biodiversity.org\/fr\/archive\/photo-contest\/#primaryimage\"},\"image\":{\"@id\":\"https:\/\/women4biodiversity.org\/fr\/archive\/photo-contest\/#primaryimage\"},\"thumbnailUrl\":\"https:\/\/www.women4biodiversity.org\/wp-content\/uploads\/2022\/09\/cp-lp-1.png\",\"datePublished\":\"2024-08-05T14:00:27+00:00\",\"breadcrumb\":{\"@id\":\"https:\/\/women4biodiversity.org\/fr\/archive\/photo-contest\/#breadcrumb\"},\"inLanguage\":\"fr-FR\",\"potentialAction\":[{\"@type\":\"ReadAction\",\"target\":[\"https:\/\/women4biodiversity.org\/fr\/archive\/photo-contest\/\"]}]},{\"@type\":\"ImageObject\",\"inLanguage\":\"fr-FR\",\"@id\":\"https:\/\/women4biodiversity.org\/fr\/archive\/photo-contest\/#primaryimage\",\"url\":\"https:\/\/www.women4biodiversity.org\/wp-content\/uploads\/2022\/09\/cp-lp-1.png\",\"contentUrl\":\"https:\/\/www.women4biodiversity.org\/wp-content\/uploads\/2022\/09\/cp-lp-1.png\"},{\"@type\":\"BreadcrumbList\",\"@id\":\"https:\/\/women4biodiversity.org\/fr\/archive\/photo-contest\/#breadcrumb\",\"itemListElement\":[{\"@type\":\"ListItem\",\"position\":1,\"name\":\"Home\",\"item\":\"https:\/\/women4biodiversity.org\/fr\/landing\/\"},{\"@type\":\"ListItem\",\"position\":2,\"name\":\"Archive\",\"item\":\"https:\/\/women4biodiversity.org\/fr\/archive\/\"},{\"@type\":\"ListItem\",\"position\":3,\"name\":\"Photo Contest\"}]},{\"@type\":\"WebSite\",\"@id\":\"https:\/\/women4biodiversity.org\/fr\/#website\",\"url\":\"https:\/\/women4biodiversity.org\/fr\/\",\"name\":\"Women4Biodiversity\",\"description\":\"\",\"publisher\":{\"@id\":\"https:\/\/women4biodiversity.org\/fr\/#organization\"},\"potentialAction\":[{\"@type\":\"SearchAction\",\"target\":{\"@type\":\"EntryPoint\",\"urlTemplate\":\"https:\/\/women4biodiversity.org\/fr\/?s={search_term_string}\"},\"query-input\":{\"@type\":\"PropertyValueSpecification\",\"valueRequired\":true,\"valueName\":\"search_term_string\"}}],\"inLanguage\":\"fr-FR\"},{\"@type\":\"Organization\",\"@id\":\"https:\/\/women4biodiversity.org\/fr\/#organization\",\"name\":\"Women4Biodiversity\",\"url\":\"https:\/\/women4biodiversity.org\/fr\/\",\"logo\":{\"@type\":\"ImageObject\",\"inLanguage\":\"fr-FR\",\"@id\":\"https:\/\/women4biodiversity.org\/fr\/#\/schema\/logo\/image\/\",\"url\":\"https:\/\/women4biodiversity.org\/wp-content\/uploads\/2024\/08\/W4B_LongLogo_2024-Amended-OH.svg\",\"contentUrl\":\"https:\/\/women4biodiversity.org\/wp-content\/uploads\/2024\/08\/W4B_LongLogo_2024-Amended-OH.svg\",\"width\":\"1024\",\"height\":\"1024\",\"caption\":\"Women4Biodiversity\"},\"image\":{\"@id\":\"https:\/\/women4biodiversity.org\/fr\/#\/schema\/logo\/image\/\"},\"sameAs\":[\"https:\/\/www.facebook.com\/Women4Biodiversity\/\",\"https:\/\/x.com\/Women4Biodiv\",\"https:\/\/www.instagram.com\/women4biodiv\/\"]}]}<\/script>\n<!-- \/ Yoast SEO plugin. -->","yoast_head_json":{"title":"Photo Contest - Women4Biodiversity","robots":{"index":"index","follow":"follow","max-snippet":"max-snippet:-1","max-image-preview":"max-image-preview:large","max-video-preview":"max-video-preview:-1"},"canonical":"https:\/\/women4biodiversity.org\/fr\/archive\/photo-contest\/","og_locale":"fr_FR","og_type":"article","og_title":"Photo Contest - Women4Biodiversity","og_description":"A photo contest to recognize women\u2019s contributions to the environment\u200b CRITERIA (English) BASES (Espa\u00f1ol) R\u00c8GLEMENT (Fran\u00e7ais) Get In Touch For inquiries, please email communications@women4biodiversity.org Facebook-f Twitter Instagram Youtube","og_url":"https:\/\/women4biodiversity.org\/fr\/archive\/photo-contest\/","og_site_name":"Women4Biodiversity","article_publisher":"https:\/\/www.facebook.com\/Women4Biodiversity\/","og_image":[{"url":"https:\/\/www.women4biodiversity.org\/wp-content\/uploads\/2022\/09\/cp-lp-1.png","type":"","width":"","height":""}],"twitter_card":"summary_large_image","twitter_site":"@Women4Biodiv","schema":{"@context":"https:\/\/schema.org","@graph":[{"@type":"WebPage","@id":"https:\/\/women4biodiversity.org\/fr\/archive\/photo-contest\/","url":"https:\/\/women4biodiversity.org\/fr\/archive\/photo-contest\/","name":"Photo Contest - Women4Biodiversity","isPartOf":{"@id":"https:\/\/women4biodiversity.org\/fr\/#website"},"primaryImageOfPage":{"@id":"https:\/\/women4biodiversity.org\/fr\/archive\/photo-contest\/#primaryimage"},"image":{"@id":"https:\/\/women4biodiversity.org\/fr\/archive\/photo-contest\/#primaryimage"},"thumbnailUrl":"https:\/\/www.women4biodiversity.org\/wp-content\/uploads\/2022\/09\/cp-lp-1.png","datePublished":"2024-08-05T14:00:27+00:00","breadcrumb":{"@id":"https:\/\/women4biodiversity.org\/fr\/archive\/photo-contest\/#breadcrumb"},"inLanguage":"fr-FR","potentialAction":[{"@type":"ReadAction","target":["https:\/\/women4biodiversity.org\/fr\/archive\/photo-contest\/"]}]},{"@type":"ImageObject","inLanguage":"fr-FR","@id":"https:\/\/women4biodiversity.org\/fr\/archive\/photo-contest\/#primaryimage","url":"https:\/\/www.women4biodiversity.org\/wp-content\/uploads\/2022\/09\/cp-lp-1.png","contentUrl":"https:\/\/www.women4biodiversity.org\/wp-content\/uploads\/2022\/09\/cp-lp-1.png"},{"@type":"BreadcrumbList","@id":"https:\/\/women4biodiversity.org\/fr\/archive\/photo-contest\/#breadcrumb","itemListElement":[{"@type":"ListItem","position":1,"name":"Home","item":"https:\/\/women4biodiversity.org\/fr\/landing\/"},{"@type":"ListItem","position":2,"name":"Archive","item":"https:\/\/women4biodiversity.org\/fr\/archive\/"},{"@type":"ListItem","position":3,"name":"Photo Contest"}]},{"@type":"WebSite","@id":"https:\/\/women4biodiversity.org\/fr\/#website","url":"https:\/\/women4biodiversity.org\/fr\/","name":"Women4Biodiversity","description":"","publisher":{"@id":"https:\/\/women4biodiversity.org\/fr\/#organization"},"potentialAction":[{"@type":"SearchAction","target":{"@type":"EntryPoint","urlTemplate":"https:\/\/women4biodiversity.org\/fr\/?s={search_term_string}"},"query-input":{"@type":"PropertyValueSpecification","valueRequired":true,"valueName":"search_term_string"}}],"inLanguage":"fr-FR"},{"@type":"Organization","@id":"https:\/\/women4biodiversity.org\/fr\/#organization","name":"Women4Biodiversity","url":"https:\/\/women4biodiversity.org\/fr\/","logo":{"@type":"ImageObject","inLanguage":"fr-FR","@id":"https:\/\/women4biodiversity.org\/fr\/#\/schema\/logo\/image\/","url":"https:\/\/women4biodiversity.org\/wp-content\/uploads\/2024\/08\/W4B_LongLogo_2024-Amended-OH.svg","contentUrl":"https:\/\/women4biodiversity.org\/wp-content\/uploads\/2024\/08\/W4B_LongLogo_2024-Amended-OH.svg","width":"1024","height":"1024","caption":"Women4Biodiversity"},"image":{"@id":"https:\/\/women4biodiversity.org\/fr\/#\/schema\/logo\/image\/"},"sameAs":["https:\/\/www.facebook.com\/Women4Biodiversity\/","https:\/\/x.com\/Women4Biodiv","https:\/\/www.instagram.com\/women4biodiv\/"]}]}},"_links":{"self":[{"href":"https:\/\/women4biodiversity.org\/fr\/wp-json\/wp\/v2\/pages\/31657","targetHints":{"allow":["GET"]}}],"collection":[{"href":"https:\/\/women4biodiversity.org\/fr\/wp-json\/wp\/v2\/pages"}],"about":[{"href":"https:\/\/women4biodiversity.org\/fr\/wp-json\/wp\/v2\/types\/page"}],"author":[{"embeddable":true,"href":"https:\/\/women4biodiversity.org\/fr\/wp-json\/wp\/v2\/users\/1"}],"replies":[{"embeddable":true,"href":"https:\/\/women4biodiversity.org\/fr\/wp-json\/wp\/v2\/comments?post=31657"}],"version-history":[{"count":0,"href":"https:\/\/women4biodiversity.org\/fr\/wp-json\/wp\/v2\/pages\/31657\/revisions"}],"up":[{"embeddable":true,"href":"https:\/\/women4biodiversity.org\/fr\/wp-json\/wp\/v2\/pages\/31631"}],"wp:attachment":[{"href":"https:\/\/women4biodiversity.org\/fr\/wp-json\/wp\/v2\/media?parent=31657"}],"curies":[{"name":"wp","href":"https:\/\/api.w.org\/{rel}","templated":true}]}}