
























{"id":49231,"date":"2025-02-20T10:36:53","date_gmt":"2025-02-20T09:36:53","guid":{"rendered":"https:\/\/women4biodiversity.org\/sites-de-restauration-7\/produits-creatifs\/mise-en-place-dune-pepiniere-a-la-ferme-infographie-illustree\/"},"modified":"2025-03-05T13:55:26","modified_gmt":"2025-03-05T12:55:26","slug":"mise-en-place-dune-pepiniere-a-la-ferme-infographie-illustree","status":"publish","type":"page","link":"https:\/\/women4biodiversity.org\/fr\/sites-de-restauration-7\/produits-creatifs\/mise-en-place-dune-pepiniere-a-la-ferme-infographie-illustree\/","title":{"rendered":"Mise en place d&rsquo;une p\u00e9pini\u00e8re \u00e0 la ferme : Infographie illustr\u00e9e"},"content":{"rendered":"[vc_row type=\u00a0\u00bbfull_width_background\u00a0\u00bb full_screen_row_position=\u00a0\u00bbmiddle\u00a0\u00bb column_margin=\u00a0\u00bbdefault\u00a0\u00bb column_direction=\u00a0\u00bbdefault\u00a0\u00bb column_direction_tablet=\u00a0\u00bbdefault\u00a0\u00bb column_direction_phone=\u00a0\u00bbdefault\u00a0\u00bb bg_color=\u00a0\u00bbrgba(237,196,49,0.2)\u00a0\u00bb scene_position=\u00a0\u00bbcenter\u00a0\u00bb text_color=\u00a0\u00bbdark\u00a0\u00bb text_align=\u00a0\u00bbleft\u00a0\u00bb row_border_radius=\u00a0\u00bbnone\u00a0\u00bb row_border_radius_applies=\u00a0\u00bbbg\u00a0\u00bb overflow=\u00a0\u00bbvisible\u00a0\u00bb overlay_strength=\u00a0\u00bb0.3&Prime; gradient_direction=\u00a0\u00bbleft_to_right\u00a0\u00bb shape_divider_position=\u00a0\u00bbbottom\u00a0\u00bb bg_image_animation=\u00a0\u00bbnone\u00a0\u00bb gradient_type=\u00a0\u00bbdefault\u00a0\u00bb shape_type=\u00a0\u00bb\u00a0\u00bb][vc_column column_padding=\u00a0\u00bbno-extra-padding\u00a0\u00bb column_padding_tablet=\u00a0\u00bbinherit\u00a0\u00bb column_padding_phone=\u00a0\u00bbinherit\u00a0\u00bb column_padding_position=\u00a0\u00bball\u00a0\u00bb column_element_direction_desktop=\u00a0\u00bbdefault\u00a0\u00bb column_element_spacing=\u00a0\u00bbdefault\u00a0\u00bb desktop_text_alignment=\u00a0\u00bbdefault\u00a0\u00bb tablet_text_alignment=\u00a0\u00bbdefault\u00a0\u00bb phone_text_alignment=\u00a0\u00bbdefault\u00a0\u00bb background_color_opacity=\u00a0\u00bb1&Prime; background_hover_color_opacity=\u00a0\u00bb1&Prime; column_backdrop_filter=\u00a0\u00bbnone\u00a0\u00bb column_shadow=\u00a0\u00bbnone\u00a0\u00bb column_border_radius=\u00a0\u00bbnone\u00a0\u00bb column_link_target=\u00a0\u00bb_self\u00a0\u00bb column_position=\u00a0\u00bbdefault\u00a0\u00bb gradient_direction=\u00a0\u00bbleft_to_right\u00a0\u00bb overlay_strength=\u00a0\u00bb0.3&Prime; width=\u00a0\u00bb1\/1&Prime; tablet_width_inherit=\u00a0\u00bbdefault\u00a0\u00bb animation_type=\u00a0\u00bbdefault\u00a0\u00bb bg_image_animation=\u00a0\u00bbnone\u00a0\u00bb border_type=\u00a0\u00bbsimple\u00a0\u00bb column_border_width=\u00a0\u00bbnone\u00a0\u00bb column_border_style=\u00a0\u00bbsolid\u00a0\u00bb][divider line_type=\u00a0\u00bbNo Line\u00a0\u00bb custom_height=\u00a0\u00bb35&Prime;][vc_column_text css=\u00a0\u00bb\u00a0\u00bb text_direction=\u00a0\u00bbdefault\u00a0\u00bb]\n<h3 style=\"text-align: center;\">Mise en place d&rsquo;une p\u00e9pini\u00e8re \u00e0 la ferme : Infographie illustr\u00e9e<\/h3>\n[\/vc_column_text][vc_column_text css=\u00a0\u00bb.vc_custom_1740044154630{margin-right: 20px !important;margin-left: 20px !important;padding-top: 30px !important;padding-right: 20px !important;padding-bottom: 30px !important;padding-left: 20px !important;}\u00a0\u00bb text_direction=\u00a0\u00bbdefault\u00a0\u00bb]\n<h5>Cultiver des lendemains plus verts, un jeune arbre \u00e0 la fois !<\/h5>\n<h5>Ce nouveau poster fournit un guide simple pour cr\u00e9er votre propre p\u00e9pini\u00e8re \u00e0 la ferme, inspir\u00e9 par l&rsquo;incroyable travail des femmes de <a href=\"https:\/\/women4biodiversity.org\/fr\/?page_id=31677\">Kamatira dans le Pokot occidental, au Kenya<\/a>. Les femmes Pokot ont cr\u00e9\u00e9 des p\u00e9pini\u00e8res \u00e0 la ferme avec le soutien et les conseils de PACEP &#8211; Pastoral Communities Empowerment Programme, le partenaire de Women4Biodiversity pour les sites de restauration au Kenya, afin de restaurer la for\u00eat de Kamatira et de g\u00e9n\u00e9rer des revenus suppl\u00e9mentaires. <\/h5>\n<h5>Cette affiche, cr\u00e9\u00e9e par <a href=\"https:\/\/www.instagram.com\/deepikanandan\/\">Deepika Nandan<\/a> de Women4Biodiversity, met en lumi\u00e8re les contributions des femmes de Kamatira \u00e0 la restauration des for\u00eats. Elle a \u00e9t\u00e9 cr\u00e9\u00e9e pour \u00eatre utilis\u00e9e au niveau de la communaut\u00e9 de West Pokot. <\/h5>\n<h5>Merci de partager cette affiche pour amplifier les histoires des femmes dans la conservation parce que #genderisabiodiversityissue.<\/h5>\n[\/vc_column_text][\/vc_column][\/vc_row][vc_row type=\u00a0\u00bbfull_width_background\u00a0\u00bb full_screen_row_position=\u00a0\u00bbmiddle\u00a0\u00bb column_margin=\u00a0\u00bbdefault\u00a0\u00bb column_direction=\u00a0\u00bbdefault\u00a0\u00bb column_direction_tablet=\u00a0\u00bbdefault\u00a0\u00bb column_direction_phone=\u00a0\u00bbdefault\u00a0\u00bb bg_color=\u00a0\u00bbrgba(237,196,49,0.2)\u00a0\u00bb scene_position=\u00a0\u00bbcenter\u00a0\u00bb left_padding_desktop=\u00a0\u00bb30&Prime; constrain_group_2=\u00a0\u00bbyes\u00a0\u00bb right_padding_desktop=\u00a0\u00bb30&Prime; left_margin=\u00a0\u00bb0&Prime; constrain_group_8=\u00a0\u00bbyes\u00a0\u00bb right_margin=\u00a0\u00bb0&Prime; text_color=\u00a0\u00bbdark\u00a0\u00bb text_align=\u00a0\u00bbleft\u00a0\u00bb row_border_radius=\u00a0\u00bbnone\u00a0\u00bb row_border_radius_applies=\u00a0\u00bbbg\u00a0\u00bb overflow=\u00a0\u00bbvisible\u00a0\u00bb overlay_strength=\u00a0\u00bb0.3&Prime; gradient_direction=\u00a0\u00bbleft_to_right\u00a0\u00bb shape_divider_position=\u00a0\u00bbbottom\u00a0\u00bb bg_image_animation=\u00a0\u00bbnone\u00a0\u00bb gradient_type=\u00a0\u00bbdefault\u00a0\u00bb shape_type=\u00a0\u00bb\u00a0\u00bb][vc_column column_padding=\u00a0\u00bbno-extra-padding\u00a0\u00bb column_padding_tablet=\u00a0\u00bbinherit\u00a0\u00bb column_padding_phone=\u00a0\u00bbinherit\u00a0\u00bb column_padding_position=\u00a0\u00bball\u00a0\u00bb column_element_direction_desktop=\u00a0\u00bbdefault\u00a0\u00bb column_element_spacing=\u00a0\u00bbdefault\u00a0\u00bb centered_text=\u00a0\u00bbtrue\u00a0\u00bb desktop_text_alignment=\u00a0\u00bbdefault\u00a0\u00bb tablet_text_alignment=\u00a0\u00bbdefault\u00a0\u00bb phone_text_alignment=\u00a0\u00bbdefault\u00a0\u00bb background_color_opacity=\u00a0\u00bb1&Prime; background_hover_color_opacity=\u00a0\u00bb1&Prime; column_backdrop_filter=\u00a0\u00bbnone\u00a0\u00bb column_shadow=\u00a0\u00bbnone\u00a0\u00bb column_border_radius=\u00a0\u00bbnone\u00a0\u00bb column_link_target=\u00a0\u00bb_self\u00a0\u00bb column_position=\u00a0\u00bbdefault\u00a0\u00bb gradient_direction=\u00a0\u00bbleft_to_right\u00a0\u00bb overlay_strength=\u00a0\u00bb0.3&Prime; width=\u00a0\u00bb1\/1&Prime; tablet_width_inherit=\u00a0\u00bbdefault\u00a0\u00bb animation_type=\u00a0\u00bbdefault\u00a0\u00bb bg_image_animation=\u00a0\u00bbnone\u00a0\u00bb border_type=\u00a0\u00bbsimple\u00a0\u00bb column_border_width=\u00a0\u00bbnone\u00a0\u00bb column_border_style=\u00a0\u00bbsolid\u00a0\u00bb column_padding_type=\u00a0\u00bbdefault\u00a0\u00bb gradient_type=\u00a0\u00bbdefault\u00a0\u00bb][nectar_btn size=\u00a0\u00bbsmall\u00a0\u00bb open_new_tab=\u00a0\u00bbtrue\u00a0\u00bb button_style=\u00a0\u00bbregular\u00a0\u00bb button_color_2=\u00a0\u00bbAccent-Color\u00a0\u00bb icon_family=\u00a0\u00bbnone\u00a0\u00bb text=\u00a0\u00bbDownload\u00a0\u00bb url=\u00a0\u00bbhttps:\/\/women4biodiversity.org\/wp-content\/uploads\/2024\/11\/Kenya_NurseryPoster.jpg\u00a0\u00bb margin_bottom=\u00a0\u00bb20&Prime;][image_with_animation image_url=\u00a0\u00bb39140&Prime; image_size=\u00a0\u00bbfull\u00a0\u00bb animation_type=\u00a0\u00bbentrance\u00a0\u00bb animation=\u00a0\u00bbNone\u00a0\u00bb animation_movement_type=\u00a0\u00bbtransform_y\u00a0\u00bb hover_animation=\u00a0\u00bbnone\u00a0\u00bb alignment=\u00a0\u00bbcenter\u00a0\u00bb border_radius=\u00a0\u00bbnone\u00a0\u00bb box_shadow=\u00a0\u00bbnone\u00a0\u00bb image_loading=\u00a0\u00bbdefault\u00a0\u00bb max_width=\u00a0\u00bb100%\u00a0\u00bb max_width_mobile=\u00a0\u00bbdefault\u00a0\u00bb margin_bottom=\u00a0\u00bb20&Prime;][nectar_btn size=\u00a0\u00bbsmall\u00a0\u00bb open_new_tab=\u00a0\u00bbtrue\u00a0\u00bb button_style=\u00a0\u00bbregular\u00a0\u00bb button_color_2=\u00a0\u00bbAccent-Color\u00a0\u00bb icon_family=\u00a0\u00bbnone\u00a0\u00bb text=\u00a0\u00bbDownload\u00a0\u00bb url=\u00a0\u00bbhttps:\/\/women4biodiversity.org\/wp-content\/uploads\/2024\/10\/KenyaPostcard_compressed.jpg\u00a0\u00bb margin_bottom=\u00a0\u00bb20&Prime;][image_with_animation image_url=\u00a0\u00bb38198&Prime; image_size=\u00a0\u00bbfull\u00a0\u00bb animation_type=\u00a0\u00bbentrance\u00a0\u00bb animation=\u00a0\u00bbNone\u00a0\u00bb animation_movement_type=\u00a0\u00bbtransform_y\u00a0\u00bb hover_animation=\u00a0\u00bbnone\u00a0\u00bb alignment=\u00a0\u00bbcenter\u00a0\u00bb border_radius=\u00a0\u00bbnone\u00a0\u00bb box_shadow=\u00a0\u00bbnone\u00a0\u00bb image_loading=\u00a0\u00bbdefault\u00a0\u00bb max_width=\u00a0\u00bb100%\u00a0\u00bb max_width_mobile=\u00a0\u00bbdefault\u00a0\u00bb][\/vc_column][\/vc_row][vc_row type=\u00a0\u00bbfull_width_background\u00a0\u00bb full_screen_row_position=\u00a0\u00bbmiddle\u00a0\u00bb column_margin=\u00a0\u00bbdefault\u00a0\u00bb column_direction=\u00a0\u00bbdefault\u00a0\u00bb column_direction_tablet=\u00a0\u00bbdefault\u00a0\u00bb column_direction_phone=\u00a0\u00bbdefault\u00a0\u00bb bg_color=\u00a0\u00bbrgba(237,196,49,0.2)\u00a0\u00bb scene_position=\u00a0\u00bbcenter\u00a0\u00bb text_color=\u00a0\u00bbdark\u00a0\u00bb text_align=\u00a0\u00bbleft\u00a0\u00bb row_border_radius=\u00a0\u00bbnone\u00a0\u00bb row_border_radius_applies=\u00a0\u00bbbg\u00a0\u00bb overflow=\u00a0\u00bbvisible\u00a0\u00bb overlay_strength=\u00a0\u00bb0.3&Prime; gradient_direction=\u00a0\u00bbleft_to_right\u00a0\u00bb shape_divider_position=\u00a0\u00bbbottom\u00a0\u00bb bg_image_animation=\u00a0\u00bbnone\u00a0\u00bb gradient_type=\u00a0\u00bbdefault\u00a0\u00bb shape_type=\u00a0\u00bb\u00a0\u00bb][vc_column column_padding=\u00a0\u00bbno-extra-padding\u00a0\u00bb column_padding_tablet=\u00a0\u00bbinherit\u00a0\u00bb column_padding_phone=\u00a0\u00bbinherit\u00a0\u00bb column_padding_position=\u00a0\u00bball\u00a0\u00bb column_element_direction_desktop=\u00a0\u00bbdefault\u00a0\u00bb column_element_spacing=\u00a0\u00bbdefault\u00a0\u00bb desktop_text_alignment=\u00a0\u00bbdefault\u00a0\u00bb tablet_text_alignment=\u00a0\u00bbdefault\u00a0\u00bb phone_text_alignment=\u00a0\u00bbdefault\u00a0\u00bb background_color_opacity=\u00a0\u00bb1&Prime; background_hover_color_opacity=\u00a0\u00bb1&Prime; column_backdrop_filter=\u00a0\u00bbnone\u00a0\u00bb column_shadow=\u00a0\u00bbnone\u00a0\u00bb column_border_radius=\u00a0\u00bbnone\u00a0\u00bb column_link_target=\u00a0\u00bb_self\u00a0\u00bb column_position=\u00a0\u00bbdefault\u00a0\u00bb gradient_direction=\u00a0\u00bbleft_to_right\u00a0\u00bb overlay_strength=\u00a0\u00bb0.3&Prime; width=\u00a0\u00bb1\/1&Prime; tablet_width_inherit=\u00a0\u00bbdefault\u00a0\u00bb animation_type=\u00a0\u00bbdefault\u00a0\u00bb bg_image_animation=\u00a0\u00bbnone\u00a0\u00bb border_type=\u00a0\u00bbsimple\u00a0\u00bb column_border_width=\u00a0\u00bbnone\u00a0\u00bb column_border_style=\u00a0\u00bbsolid\u00a0\u00bb][divider line_type=\u00a0\u00bbNo Line\u00a0\u00bb custom_height=\u00a0\u00bb50&Prime;][\/vc_column][\/vc_row]\n","protected":false},"excerpt":{"rendered":"<p>[vc_row type=\u00a0\u00bbfull_width_background\u00a0\u00bb full_screen_row_position=\u00a0\u00bbmiddle\u00a0\u00bb column_margin=\u00a0\u00bbdefault\u00a0\u00bb column_direction=\u00a0\u00bbdefault\u00a0\u00bb column_direction_tablet=\u00a0\u00bbdefault\u00a0\u00bb column_direction_phone=\u00a0\u00bbdefault\u00a0\u00bb bg_color=\u00a0\u00bbrgba(237,196,49,0.2)\u00a0\u00bb scene_position=\u00a0\u00bbcenter\u00a0\u00bb text_color=\u00a0\u00bbdark\u00a0\u00bb text_align=\u00a0\u00bbleft\u00a0\u00bb row_border_radius=\u00a0\u00bbnone\u00a0\u00bb row_border_radius_applies=\u00a0\u00bbbg\u00a0\u00bb overflow=\u00a0\u00bbvisible\u00a0\u00bb overlay_strength=\u00a0\u00bb0.3&Prime; gradient_direction=\u00a0\u00bbleft_to_right\u00a0\u00bb shape_divider_position=\u00a0\u00bbbottom\u00a0\u00bb bg_image_animation=\u00a0\u00bbnone\u00a0\u00bb gradient_type=\u00a0\u00bbdefault\u00a0\u00bb shape_type=\u00a0\u00bb\u00a0\u00bb][vc_column column_padding=\u00a0\u00bbno-extra-padding\u00a0\u00bb column_padding_tablet=\u00a0\u00bbinherit\u00a0\u00bb column_padding_phone=\u00a0\u00bbinherit\u00a0\u00bb column_padding_position=\u00a0\u00bball\u00a0\u00bb column_element_direction_desktop=\u00a0\u00bbdefault\u00a0\u00bb column_element_spacing=\u00a0\u00bbdefault\u00a0\u00bb desktop_text_alignment=\u00a0\u00bbdefault\u00a0\u00bb tablet_text_alignment=\u00a0\u00bbdefault\u00a0\u00bb phone_text_alignment=\u00a0\u00bbdefault\u00a0\u00bb background_color_opacity=\u00a0\u00bb1&Prime;&#8230;<\/p>\n","protected":false},"author":2,"featured_media":0,"parent":49217,"menu_order":0,"comment_status":"closed","ping_status":"closed","template":"","meta":{"inline_featured_image":false,"ngg_post_thumbnail":0,"footnotes":""},"class_list":["post-49231","page","type-page","status-publish"],"yoast_head":"<!-- This site is optimized with the Yoast SEO plugin v25.4 - https:\/\/yoast.com\/wordpress\/plugins\/seo\/ -->\n<title>Mise en place d&#039;une p\u00e9pini\u00e8re \u00e0 la ferme : Infographie illustr\u00e9e - Women4Biodiversity<\/title>\n<meta name=\"robots\" content=\"index, follow, max-snippet:-1, max-image-preview:large, max-video-preview:-1\" \/>\n<link rel=\"canonical\" href=\"https:\/\/women4biodiversity.org\/fr\/sites-de-restauration-7\/produits-creatifs\/mise-en-place-dune-pepiniere-a-la-ferme-infographie-illustree\/\" \/>\n<meta property=\"og:locale\" content=\"fr_FR\" \/>\n<meta property=\"og:type\" content=\"article\" \/>\n<meta property=\"og:title\" content=\"Mise en place d&#039;une p\u00e9pini\u00e8re \u00e0 la ferme : Infographie illustr\u00e9e - Women4Biodiversity\" \/>\n<meta property=\"og:description\" content=\"[vc_row type=\u00a0\u00bbfull_width_background\u00a0\u00bb full_screen_row_position=\u00a0\u00bbmiddle\u00a0\u00bb column_margin=\u00a0\u00bbdefault\u00a0\u00bb column_direction=\u00a0\u00bbdefault\u00a0\u00bb column_direction_tablet=\u00a0\u00bbdefault\u00a0\u00bb column_direction_phone=\u00a0\u00bbdefault\u00a0\u00bb bg_color=\u00a0\u00bbrgba(237,196,49,0.2)\u00a0\u00bb scene_position=\u00a0\u00bbcenter\u00a0\u00bb text_color=\u00a0\u00bbdark\u00a0\u00bb text_align=\u00a0\u00bbleft\u00a0\u00bb row_border_radius=\u00a0\u00bbnone\u00a0\u00bb row_border_radius_applies=\u00a0\u00bbbg\u00a0\u00bb overflow=\u00a0\u00bbvisible\u00a0\u00bb overlay_strength=\u00a0\u00bb0.3&Prime; gradient_direction=\u00a0\u00bbleft_to_right\u00a0\u00bb shape_divider_position=\u00a0\u00bbbottom\u00a0\u00bb bg_image_animation=\u00a0\u00bbnone\u00a0\u00bb gradient_type=\u00a0\u00bbdefault\u00a0\u00bb shape_type=\u00a0\u00bb\u00a0\u00bb][vc_column column_padding=\u00a0\u00bbno-extra-padding\u00a0\u00bb column_padding_tablet=\u00a0\u00bbinherit\u00a0\u00bb column_padding_phone=\u00a0\u00bbinherit\u00a0\u00bb column_padding_position=\u00a0\u00bball\u00a0\u00bb column_element_direction_desktop=\u00a0\u00bbdefault\u00a0\u00bb column_element_spacing=\u00a0\u00bbdefault\u00a0\u00bb desktop_text_alignment=\u00a0\u00bbdefault\u00a0\u00bb tablet_text_alignment=\u00a0\u00bbdefault\u00a0\u00bb phone_text_alignment=\u00a0\u00bbdefault\u00a0\u00bb background_color_opacity=\u00a0\u00bb1&Prime;...\" \/>\n<meta property=\"og:url\" content=\"https:\/\/women4biodiversity.org\/fr\/sites-de-restauration-7\/produits-creatifs\/mise-en-place-dune-pepiniere-a-la-ferme-infographie-illustree\/\" \/>\n<meta property=\"og:site_name\" content=\"Women4Biodiversity\" \/>\n<meta property=\"article:publisher\" content=\"https:\/\/www.facebook.com\/Women4Biodiversity\/\" \/>\n<meta property=\"article:modified_time\" content=\"2025-03-05T12:55:26+00:00\" \/>\n<meta name=\"twitter:card\" content=\"summary_large_image\" \/>\n<meta name=\"twitter:site\" content=\"@Women4Biodiv\" \/>\n<meta name=\"twitter:label1\" content=\"Dur\u00e9e de lecture estim\u00e9e\" \/>\n\t<meta name=\"twitter:data1\" content=\"4 minutes\" \/>\n<script type=\"application\/ld+json\" class=\"yoast-schema-graph\">{\"@context\":\"https:\/\/schema.org\",\"@graph\":[{\"@type\":\"WebPage\",\"@id\":\"https:\/\/women4biodiversity.org\/fr\/sites-de-restauration-7\/produits-creatifs\/mise-en-place-dune-pepiniere-a-la-ferme-infographie-illustree\/\",\"url\":\"https:\/\/women4biodiversity.org\/fr\/sites-de-restauration-7\/produits-creatifs\/mise-en-place-dune-pepiniere-a-la-ferme-infographie-illustree\/\",\"name\":\"Mise en place d'une p\u00e9pini\u00e8re \u00e0 la ferme : Infographie illustr\u00e9e - Women4Biodiversity\",\"isPartOf\":{\"@id\":\"https:\/\/women4biodiversity.org\/fr\/#website\"},\"datePublished\":\"2025-02-20T09:36:53+00:00\",\"dateModified\":\"2025-03-05T12:55:26+00:00\",\"breadcrumb\":{\"@id\":\"https:\/\/women4biodiversity.org\/fr\/sites-de-restauration-7\/produits-creatifs\/mise-en-place-dune-pepiniere-a-la-ferme-infographie-illustree\/#breadcrumb\"},\"inLanguage\":\"fr-FR\",\"potentialAction\":[{\"@type\":\"ReadAction\",\"target\":[\"https:\/\/women4biodiversity.org\/fr\/sites-de-restauration-7\/produits-creatifs\/mise-en-place-dune-pepiniere-a-la-ferme-infographie-illustree\/\"]}]},{\"@type\":\"BreadcrumbList\",\"@id\":\"https:\/\/women4biodiversity.org\/fr\/sites-de-restauration-7\/produits-creatifs\/mise-en-place-dune-pepiniere-a-la-ferme-infographie-illustree\/#breadcrumb\",\"itemListElement\":[{\"@type\":\"ListItem\",\"position\":1,\"name\":\"Home\",\"item\":\"https:\/\/women4biodiversity.org\/fr\/landing\/\"},{\"@type\":\"ListItem\",\"position\":2,\"name\":\"Gender &amp; Restoration\",\"item\":\"https:\/\/women4biodiversity.org\/fr\/sites-de-restauration-7\/\"},{\"@type\":\"ListItem\",\"position\":3,\"name\":\"Produits cr\u00e9atifs\",\"item\":\"https:\/\/women4biodiversity.org\/fr\/sites-de-restauration-7\/produits-creatifs\/\"},{\"@type\":\"ListItem\",\"position\":4,\"name\":\"Mise en place d&#8217;une p\u00e9pini\u00e8re \u00e0 la ferme : Infographie illustr\u00e9e\"}]},{\"@type\":\"WebSite\",\"@id\":\"https:\/\/women4biodiversity.org\/fr\/#website\",\"url\":\"https:\/\/women4biodiversity.org\/fr\/\",\"name\":\"Women4Biodiversity\",\"description\":\"\",\"publisher\":{\"@id\":\"https:\/\/women4biodiversity.org\/fr\/#organization\"},\"potentialAction\":[{\"@type\":\"SearchAction\",\"target\":{\"@type\":\"EntryPoint\",\"urlTemplate\":\"https:\/\/women4biodiversity.org\/fr\/?s={search_term_string}\"},\"query-input\":{\"@type\":\"PropertyValueSpecification\",\"valueRequired\":true,\"valueName\":\"search_term_string\"}}],\"inLanguage\":\"fr-FR\"},{\"@type\":\"Organization\",\"@id\":\"https:\/\/women4biodiversity.org\/fr\/#organization\",\"name\":\"Women4Biodiversity\",\"url\":\"https:\/\/women4biodiversity.org\/fr\/\",\"logo\":{\"@type\":\"ImageObject\",\"inLanguage\":\"fr-FR\",\"@id\":\"https:\/\/women4biodiversity.org\/fr\/#\/schema\/logo\/image\/\",\"url\":\"https:\/\/women4biodiversity.org\/wp-content\/uploads\/2024\/08\/W4B_LongLogo_2024-Amended-OH.svg\",\"contentUrl\":\"https:\/\/women4biodiversity.org\/wp-content\/uploads\/2024\/08\/W4B_LongLogo_2024-Amended-OH.svg\",\"width\":\"1024\",\"height\":\"1024\",\"caption\":\"Women4Biodiversity\"},\"image\":{\"@id\":\"https:\/\/women4biodiversity.org\/fr\/#\/schema\/logo\/image\/\"},\"sameAs\":[\"https:\/\/www.facebook.com\/Women4Biodiversity\/\",\"https:\/\/x.com\/Women4Biodiv\",\"https:\/\/www.instagram.com\/women4biodiv\/\"]}]}<\/script>\n<!-- \/ Yoast SEO plugin. -->","yoast_head_json":{"title":"Mise en place d'une p\u00e9pini\u00e8re \u00e0 la ferme : Infographie illustr\u00e9e - Women4Biodiversity","robots":{"index":"index","follow":"follow","max-snippet":"max-snippet:-1","max-image-preview":"max-image-preview:large","max-video-preview":"max-video-preview:-1"},"canonical":"https:\/\/women4biodiversity.org\/fr\/sites-de-restauration-7\/produits-creatifs\/mise-en-place-dune-pepiniere-a-la-ferme-infographie-illustree\/","og_locale":"fr_FR","og_type":"article","og_title":"Mise en place d'une p\u00e9pini\u00e8re \u00e0 la ferme : Infographie illustr\u00e9e - Women4Biodiversity","og_description":"[vc_row type=\u00a0\u00bbfull_width_background\u00a0\u00bb full_screen_row_position=\u00a0\u00bbmiddle\u00a0\u00bb column_margin=\u00a0\u00bbdefault\u00a0\u00bb column_direction=\u00a0\u00bbdefault\u00a0\u00bb column_direction_tablet=\u00a0\u00bbdefault\u00a0\u00bb column_direction_phone=\u00a0\u00bbdefault\u00a0\u00bb bg_color=\u00a0\u00bbrgba(237,196,49,0.2)\u00a0\u00bb scene_position=\u00a0\u00bbcenter\u00a0\u00bb text_color=\u00a0\u00bbdark\u00a0\u00bb text_align=\u00a0\u00bbleft\u00a0\u00bb row_border_radius=\u00a0\u00bbnone\u00a0\u00bb row_border_radius_applies=\u00a0\u00bbbg\u00a0\u00bb overflow=\u00a0\u00bbvisible\u00a0\u00bb overlay_strength=\u00a0\u00bb0.3&Prime; gradient_direction=\u00a0\u00bbleft_to_right\u00a0\u00bb shape_divider_position=\u00a0\u00bbbottom\u00a0\u00bb bg_image_animation=\u00a0\u00bbnone\u00a0\u00bb gradient_type=\u00a0\u00bbdefault\u00a0\u00bb shape_type=\u00a0\u00bb\u00a0\u00bb][vc_column column_padding=\u00a0\u00bbno-extra-padding\u00a0\u00bb column_padding_tablet=\u00a0\u00bbinherit\u00a0\u00bb column_padding_phone=\u00a0\u00bbinherit\u00a0\u00bb column_padding_position=\u00a0\u00bball\u00a0\u00bb column_element_direction_desktop=\u00a0\u00bbdefault\u00a0\u00bb column_element_spacing=\u00a0\u00bbdefault\u00a0\u00bb desktop_text_alignment=\u00a0\u00bbdefault\u00a0\u00bb tablet_text_alignment=\u00a0\u00bbdefault\u00a0\u00bb phone_text_alignment=\u00a0\u00bbdefault\u00a0\u00bb background_color_opacity=\u00a0\u00bb1&Prime;...","og_url":"https:\/\/women4biodiversity.org\/fr\/sites-de-restauration-7\/produits-creatifs\/mise-en-place-dune-pepiniere-a-la-ferme-infographie-illustree\/","og_site_name":"Women4Biodiversity","article_publisher":"https:\/\/www.facebook.com\/Women4Biodiversity\/","article_modified_time":"2025-03-05T12:55:26+00:00","twitter_card":"summary_large_image","twitter_site":"@Women4Biodiv","twitter_misc":{"Dur\u00e9e de lecture estim\u00e9e":"4 minutes"},"schema":{"@context":"https:\/\/schema.org","@graph":[{"@type":"WebPage","@id":"https:\/\/women4biodiversity.org\/fr\/sites-de-restauration-7\/produits-creatifs\/mise-en-place-dune-pepiniere-a-la-ferme-infographie-illustree\/","url":"https:\/\/women4biodiversity.org\/fr\/sites-de-restauration-7\/produits-creatifs\/mise-en-place-dune-pepiniere-a-la-ferme-infographie-illustree\/","name":"Mise en place d'une p\u00e9pini\u00e8re \u00e0 la ferme : Infographie illustr\u00e9e - Women4Biodiversity","isPartOf":{"@id":"https:\/\/women4biodiversity.org\/fr\/#website"},"datePublished":"2025-02-20T09:36:53+00:00","dateModified":"2025-03-05T12:55:26+00:00","breadcrumb":{"@id":"https:\/\/women4biodiversity.org\/fr\/sites-de-restauration-7\/produits-creatifs\/mise-en-place-dune-pepiniere-a-la-ferme-infographie-illustree\/#breadcrumb"},"inLanguage":"fr-FR","potentialAction":[{"@type":"ReadAction","target":["https:\/\/women4biodiversity.org\/fr\/sites-de-restauration-7\/produits-creatifs\/mise-en-place-dune-pepiniere-a-la-ferme-infographie-illustree\/"]}]},{"@type":"BreadcrumbList","@id":"https:\/\/women4biodiversity.org\/fr\/sites-de-restauration-7\/produits-creatifs\/mise-en-place-dune-pepiniere-a-la-ferme-infographie-illustree\/#breadcrumb","itemListElement":[{"@type":"ListItem","position":1,"name":"Home","item":"https:\/\/women4biodiversity.org\/fr\/landing\/"},{"@type":"ListItem","position":2,"name":"Gender &amp; Restoration","item":"https:\/\/women4biodiversity.org\/fr\/sites-de-restauration-7\/"},{"@type":"ListItem","position":3,"name":"Produits cr\u00e9atifs","item":"https:\/\/women4biodiversity.org\/fr\/sites-de-restauration-7\/produits-creatifs\/"},{"@type":"ListItem","position":4,"name":"Mise en place d&#8217;une p\u00e9pini\u00e8re \u00e0 la ferme : Infographie illustr\u00e9e"}]},{"@type":"WebSite","@id":"https:\/\/women4biodiversity.org\/fr\/#website","url":"https:\/\/women4biodiversity.org\/fr\/","name":"Women4Biodiversity","description":"","publisher":{"@id":"https:\/\/women4biodiversity.org\/fr\/#organization"},"potentialAction":[{"@type":"SearchAction","target":{"@type":"EntryPoint","urlTemplate":"https:\/\/women4biodiversity.org\/fr\/?s={search_term_string}"},"query-input":{"@type":"PropertyValueSpecification","valueRequired":true,"valueName":"search_term_string"}}],"inLanguage":"fr-FR"},{"@type":"Organization","@id":"https:\/\/women4biodiversity.org\/fr\/#organization","name":"Women4Biodiversity","url":"https:\/\/women4biodiversity.org\/fr\/","logo":{"@type":"ImageObject","inLanguage":"fr-FR","@id":"https:\/\/women4biodiversity.org\/fr\/#\/schema\/logo\/image\/","url":"https:\/\/women4biodiversity.org\/wp-content\/uploads\/2024\/08\/W4B_LongLogo_2024-Amended-OH.svg","contentUrl":"https:\/\/women4biodiversity.org\/wp-content\/uploads\/2024\/08\/W4B_LongLogo_2024-Amended-OH.svg","width":"1024","height":"1024","caption":"Women4Biodiversity"},"image":{"@id":"https:\/\/women4biodiversity.org\/fr\/#\/schema\/logo\/image\/"},"sameAs":["https:\/\/www.facebook.com\/Women4Biodiversity\/","https:\/\/x.com\/Women4Biodiv","https:\/\/www.instagram.com\/women4biodiv\/"]}]}},"_links":{"self":[{"href":"https:\/\/women4biodiversity.org\/fr\/wp-json\/wp\/v2\/pages\/49231","targetHints":{"allow":["GET"]}}],"collection":[{"href":"https:\/\/women4biodiversity.org\/fr\/wp-json\/wp\/v2\/pages"}],"about":[{"href":"https:\/\/women4biodiversity.org\/fr\/wp-json\/wp\/v2\/types\/page"}],"author":[{"embeddable":true,"href":"https:\/\/women4biodiversity.org\/fr\/wp-json\/wp\/v2\/users\/2"}],"replies":[{"embeddable":true,"href":"https:\/\/women4biodiversity.org\/fr\/wp-json\/wp\/v2\/comments?post=49231"}],"version-history":[{"count":4,"href":"https:\/\/women4biodiversity.org\/fr\/wp-json\/wp\/v2\/pages\/49231\/revisions"}],"predecessor-version":[{"id":49236,"href":"https:\/\/women4biodiversity.org\/fr\/wp-json\/wp\/v2\/pages\/49231\/revisions\/49236"}],"up":[{"embeddable":true,"href":"https:\/\/women4biodiversity.org\/fr\/wp-json\/wp\/v2\/pages\/49217"}],"wp:attachment":[{"href":"https:\/\/women4biodiversity.org\/fr\/wp-json\/wp\/v2\/media?parent=49231"}],"curies":[{"name":"wp","href":"https:\/\/api.w.org\/{rel}","templated":true}]}}